{"id":2157,"date":"2022-04-21T01:05:31","date_gmt":"2022-04-21T01:05:31","guid":{"rendered":"https:\/\/ths.or.tz\/?post_type=product&#038;p=2157"},"modified":"2023-10-03T12:05:52","modified_gmt":"2023-10-03T09:05:52","slug":"local-students","status":"publish","type":"product","link":"https:\/\/ths.or.tz\/fr\/produit\/local-students\/","title":{"rendered":"\u00c9TUDIANTS LOCAUX"},"content":{"rendered":"","protected":false},"excerpt":{"rendered":"","protected":false},"featured_media":0,"comment_status":"open","ping_status":"closed","template":"","meta":{"nf_dc_page":"","om_disable_all_campaigns":false,"_uag_custom_page_level_css":"","_monsterinsights_skip_tracking":false,"_monsterinsights_sitenote_active":false,"_monsterinsights_sitenote_note":"","_monsterinsights_sitenote_category":0,"_uf_show_specific_survey":0,"_uf_disable_surveys":false,"site-sidebar-layout":"default","site-content-layout":"default","ast-site-content-layout":"default","site-content-style":"default","site-sidebar-style":"default","ast-global-header-display":"","ast-banner-title-visibility":"","ast-main-header-display":"","ast-hfb-above-header-display":"","ast-hfb-below-header-display":"","ast-hfb-mobile-header-display":"","site-post-title":"","ast-breadcrumbs-content":"","ast-featured-img":"","footer-sml-layout":"","ast-disable-related-posts":"","theme-transparent-header-meta":"default","adv-header-id-meta":"","stick-header-meta":"","header-above-stick-meta":"","header-main-stick-meta":"","header-below-stick-meta":"","astra-migrate-meta-layouts":"set","ast-page-background-enabled":"default","ast-page-background-meta":{"desktop":{"background-color":"","background-image":"","background-repeat":"repeat","background-position":"center center","background-size":"auto","background-attachment":"scroll","background-type":"","background-media":"","overlay-type":"","overlay-color":"","overlay-opacity":"","overlay-gradient":""},"tablet":{"background-color":"","background-image":"","background-repeat":"repeat","background-position":"center center","background-size":"auto","background-attachment":"scroll","background-type":"","background-media":"","overlay-type":"","overlay-color":"","overlay-opacity":"","overlay-gradient":""},"mobile":{"background-color":"","background-image":"","background-repeat":"repeat","background-position":"center center","background-size":"auto","background-attachment":"scroll","background-type":"","background-media":"","overlay-type":"","overlay-color":"","overlay-opacity":"","overlay-gradient":""}},"ast-content-background-meta":{"desktop":{"background-color":"var(--ast-global-color-5)","background-image":"","background-repeat":"repeat","background-position":"center center","background-size":"auto","background-attachment":"scroll","background-type":"","background-media":"","overlay-type":"","overlay-color":"","overlay-opacity":"","overlay-gradient":""},"tablet":{"background-color":"var(--ast-global-color-5)","background-image":"","background-repeat":"repeat","background-position":"center center","background-size":"auto","background-attachment":"scroll","background-type":"","background-media":"","overlay-type":"","overlay-color":"","overlay-opacity":"","overlay-gradient":""},"mobile":{"background-color":"var(--ast-global-color-5)","background-image":"","background-repeat":"repeat","background-position":"center center","background-size":"auto","background-attachment":"scroll","background-type":"","background-media":"","overlay-type":"","overlay-color":"","overlay-opacity":"","overlay-gradient":""}}},"product_brand":[],"product_cat":[20],"product_tag":[],"class_list":{"0":"post-2157","1":"product","2":"type-product","3":"status-publish","5":"product_cat-registration","6":"desktop-align-left","7":"tablet-align-left","8":"mobile-align-left","10":"first","11":"instock","12":"shipping-taxable","13":"purchasable","14":"product-type-simple"},"aioseo_notices":[],"yoast_head":"<!-- This site is optimized with the Yoast SEO plugin v27.3 - https:\/\/yoast.com\/product\/yoast-seo-wordpress\/ -->\n<title>LOCAL STUDENTS - Ths<\/title>\n<meta name=\"robots\" content=\"index, follow, max-snippet:-1, max-image-preview:large, max-video-preview:-1\" \/>\n<link rel=\"canonical\" href=\"https:\/\/ths.or.tz\/fr\/produit\/local-students\/\" \/>\n<meta property=\"og:locale\" content=\"fr_FR\" \/>\n<meta property=\"og:type\" content=\"article\" \/>\n<meta property=\"og:title\" content=\"LOCAL STUDENTS - Ths\" \/>\n<meta property=\"og:url\" content=\"https:\/\/ths.or.tz\/fr\/produit\/local-students\/\" \/>\n<meta property=\"og:site_name\" content=\"Ths\" \/>\n<meta property=\"article:modified_time\" content=\"2023-10-03T09:05:52+00:00\" \/>\n<meta name=\"twitter:card\" content=\"summary_large_image\" \/>\n<script type=\"application\/ld+json\" class=\"yoast-schema-graph\">{\"@context\":\"https:\\\/\\\/schema.org\",\"@graph\":[{\"@type\":\"WebPage\",\"@id\":\"https:\\\/\\\/ths.or.tz\\\/product\\\/local-students\\\/\",\"url\":\"https:\\\/\\\/ths.or.tz\\\/product\\\/local-students\\\/\",\"name\":\"LOCAL STUDENTS - Ths\",\"isPartOf\":{\"@id\":\"https:\\\/\\\/ths.or.tz\\\/#website\"},\"datePublished\":\"2022-04-21T01:05:31+00:00\",\"dateModified\":\"2023-10-03T09:05:52+00:00\",\"breadcrumb\":{\"@id\":\"https:\\\/\\\/ths.or.tz\\\/product\\\/local-students\\\/#breadcrumb\"},\"inLanguage\":\"fr-FR\",\"potentialAction\":[{\"@type\":\"ReadAction\",\"target\":[\"https:\\\/\\\/ths.or.tz\\\/product\\\/local-students\\\/\"]}]},{\"@type\":\"BreadcrumbList\",\"@id\":\"https:\\\/\\\/ths.or.tz\\\/product\\\/local-students\\\/#breadcrumb\",\"itemListElement\":[{\"@type\":\"ListItem\",\"position\":1,\"name\":\"Home\",\"item\":\"https:\\\/\\\/ths.or.tz\\\/\"},{\"@type\":\"ListItem\",\"position\":2,\"name\":\"Shop\",\"item\":\"https:\\\/\\\/ths.or.tz\\\/shop\\\/\"},{\"@type\":\"ListItem\",\"position\":3,\"name\":\"LOCAL STUDENTS\"}]},{\"@type\":\"WebSite\",\"@id\":\"https:\\\/\\\/ths.or.tz\\\/#website\",\"url\":\"https:\\\/\\\/ths.or.tz\\\/\",\"name\":\"Ths\",\"description\":\"Improve social accountability for better health sector governance\",\"publisher\":{\"@id\":\"https:\\\/\\\/ths.or.tz\\\/#organization\"},\"potentialAction\":[{\"@type\":\"SearchAction\",\"target\":{\"@type\":\"EntryPoint\",\"urlTemplate\":\"https:\\\/\\\/ths.or.tz\\\/?s={search_term_string}\"},\"query-input\":{\"@type\":\"PropertyValueSpecification\",\"valueRequired\":true,\"valueName\":\"search_term_string\"}}],\"inLanguage\":\"fr-FR\"},{\"@type\":\"Organization\",\"@id\":\"https:\\\/\\\/ths.or.tz\\\/#organization\",\"name\":\"Ths\",\"url\":\"https:\\\/\\\/ths.or.tz\\\/\",\"logo\":{\"@type\":\"ImageObject\",\"inLanguage\":\"fr-FR\",\"@id\":\"https:\\\/\\\/ths.or.tz\\\/#\\\/schema\\\/logo\\\/image\\\/\",\"url\":\"https:\\\/\\\/i0.wp.com\\\/ths.or.tz\\\/wp-content\\\/uploads\\\/2022\\\/02\\\/ths-transparent.png?fit=500%2C500&ssl=1\",\"contentUrl\":\"https:\\\/\\\/i0.wp.com\\\/ths.or.tz\\\/wp-content\\\/uploads\\\/2022\\\/02\\\/ths-transparent.png?fit=500%2C500&ssl=1\",\"width\":500,\"height\":500,\"caption\":\"Ths\"},\"image\":{\"@id\":\"https:\\\/\\\/ths.or.tz\\\/#\\\/schema\\\/logo\\\/image\\\/\"}}]}<\/script>\n<!-- \/ Yoast SEO plugin. -->","yoast_head_json":{"title":"LOCAL STUDENTS - Ths","robots":{"index":"index","follow":"follow","max-snippet":"max-snippet:-1","max-image-preview":"max-image-preview:large","max-video-preview":"max-video-preview:-1"},"canonical":"https:\/\/ths.or.tz\/fr\/produit\/local-students\/","og_locale":"fr_FR","og_type":"article","og_title":"LOCAL STUDENTS - Ths","og_url":"https:\/\/ths.or.tz\/fr\/produit\/local-students\/","og_site_name":"Ths","article_modified_time":"2023-10-03T09:05:52+00:00","twitter_card":"summary_large_image","schema":{"@context":"https:\/\/schema.org","@graph":[{"@type":"WebPage","@id":"https:\/\/ths.or.tz\/product\/local-students\/","url":"https:\/\/ths.or.tz\/product\/local-students\/","name":"LOCAL STUDENTS - Ths","isPartOf":{"@id":"https:\/\/ths.or.tz\/#website"},"datePublished":"2022-04-21T01:05:31+00:00","dateModified":"2023-10-03T09:05:52+00:00","breadcrumb":{"@id":"https:\/\/ths.or.tz\/product\/local-students\/#breadcrumb"},"inLanguage":"fr-FR","potentialAction":[{"@type":"ReadAction","target":["https:\/\/ths.or.tz\/product\/local-students\/"]}]},{"@type":"BreadcrumbList","@id":"https:\/\/ths.or.tz\/product\/local-students\/#breadcrumb","itemListElement":[{"@type":"ListItem","position":1,"name":"Home","item":"https:\/\/ths.or.tz\/"},{"@type":"ListItem","position":2,"name":"Shop","item":"https:\/\/ths.or.tz\/shop\/"},{"@type":"ListItem","position":3,"name":"LOCAL STUDENTS"}]},{"@type":"WebSite","@id":"https:\/\/ths.or.tz\/#website","url":"https:\/\/ths.or.tz\/","name":"Ths","description":"Am\u00e9liorer la responsabilit\u00e9 sociale pour une meilleure gouvernance du secteur de la sant\u00e9","publisher":{"@id":"https:\/\/ths.or.tz\/#organization"},"potentialAction":[{"@type":"SearchAction","target":{"@type":"EntryPoint","urlTemplate":"https:\/\/ths.or.tz\/?s={search_term_string}"},"query-input":{"@type":"PropertyValueSpecification","valueRequired":true,"valueName":"search_term_string"}}],"inLanguage":"fr-FR"},{"@type":"Organization","@id":"https:\/\/ths.or.tz\/#organization","name":"Ths","url":"https:\/\/ths.or.tz\/","logo":{"@type":"ImageObject","inLanguage":"fr-FR","@id":"https:\/\/ths.or.tz\/#\/schema\/logo\/image\/","url":"https:\/\/i0.wp.com\/ths.or.tz\/wp-content\/uploads\/2022\/02\/ths-transparent.png?fit=500%2C500&ssl=1","contentUrl":"https:\/\/i0.wp.com\/ths.or.tz\/wp-content\/uploads\/2022\/02\/ths-transparent.png?fit=500%2C500&ssl=1","width":500,"height":500,"caption":"Ths"},"image":{"@id":"https:\/\/ths.or.tz\/#\/schema\/logo\/image\/"}}]}},"uagb_featured_image_src":{"full":false,"thumbnail":false,"medium":false,"medium_large":false,"large":false,"1536x1536":false,"2048x2048":false,"trp-custom-language-flag":false,"mailpoet_newsletter_max":false,"woocommerce_thumbnail":false,"woocommerce_single":false,"woocommerce_gallery_thumbnail":false},"uagb_author_info":{"display_name":"admin","author_link":"https:\/\/ths.or.tz\/fr\/author\/"},"uagb_comment_info":26,"uagb_excerpt":null,"jetpack_sharing_enabled":true,"_links":{"self":[{"href":"https:\/\/ths.or.tz\/fr\/wp-json\/wp\/v2\/product\/2157","targetHints":{"allow":["GET"]}}],"collection":[{"href":"https:\/\/ths.or.tz\/fr\/wp-json\/wp\/v2\/product"}],"about":[{"href":"https:\/\/ths.or.tz\/fr\/wp-json\/wp\/v2\/types\/product"}],"replies":[{"embeddable":true,"href":"https:\/\/ths.or.tz\/fr\/wp-json\/wp\/v2\/comments?post=2157"}],"wp:attachment":[{"href":"https:\/\/ths.or.tz\/fr\/wp-json\/wp\/v2\/media?parent=2157"}],"wp:term":[{"taxonomy":"product_brand","embeddable":true,"href":"https:\/\/ths.or.tz\/fr\/wp-json\/wp\/v2\/product_brand?post=2157"},{"taxonomy":"product_cat","embeddable":true,"href":"https:\/\/ths.or.tz\/fr\/wp-json\/wp\/v2\/product_cat?post=2157"},{"taxonomy":"product_tag","embeddable":true,"href":"https:\/\/ths.or.tz\/fr\/wp-json\/wp\/v2\/product_tag?post=2157"}],"curies":[{"name":"wp","href":"https:\/\/api.w.org\/{rel}","templated":true}]}}