{"id":2357,"date":"2022-04-28T14:02:35","date_gmt":"2022-04-28T14:02:35","guid":{"rendered":"https:\/\/ths.or.tz\/?page_id=2357"},"modified":"2026-02-24T14:34:15","modified_gmt":"2026-02-24T11:34:15","slug":"registration-selection","status":"publish","type":"page","link":"https:\/\/ths.or.tz\/fr\/registration-selection\/","title":{"rendered":"S\u00e9lection de l'enregistrement"},"content":{"rendered":"<div data-elementor-type=\"wp-page\" data-elementor-id=\"2357\" class=\"elementor elementor-2357\" data-elementor-post-type=\"page\">\n\t\t\t\t\t\t<section class=\"elementor-section elementor-top-section elementor-element elementor-element-3ga4wvj elementor-section-boxed elementor-section-height-default elementor-section-height-default\" data-id=\"3ga4wvj\" data-element_type=\"section\" data-e-type=\"section\" data-settings=\"{&quot;background_background&quot;:&quot;classic&quot;}\">\n\t\t\t\t\t\t\t<div class=\"elementor-background-overlay\"><\/div>\n\t\t\t\t\t\t\t<div class=\"elementor-container elementor-column-gap-default\">\n\t\t\t\t\t<div class=\"elementor-column elementor-col-100 elementor-top-column elementor-element elementor-element-1053ca7a\" data-id=\"1053ca7a\" data-element_type=\"column\" data-e-type=\"column\">\n\t\t\t<div class=\"elementor-widget-wrap elementor-element-populated\">\n\t\t\t\t\t\t<div class=\"elementor-element elementor-element-3d99e122 elementor-widget elementor-widget-heading\" data-id=\"3d99e122\" data-element_type=\"widget\" data-e-type=\"widget\" data-widget_type=\"heading.default\">\n\t\t\t\t<div class=\"elementor-widget-container\">\n\t\t\t\t\t<h1 class=\"elementor-heading-title elementor-size-xxl\">SOMMET DE LA SANT\u00c9 EN TANZANIE 2026<\/h1>\t\t\t\t<\/div>\n\t\t\t\t<\/div>\n\t\t\t\t\t<\/div>\n\t\t<\/div>\n\t\t\t\t\t<\/div>\n\t\t<\/section>\n\t\t\t\t<section class=\"elementor-section elementor-top-section elementor-element elementor-element-7531ed0 elementor-section-content-top elementor-section-boxed elementor-section-height-default elementor-section-height-default\" data-id=\"7531ed0\" data-element_type=\"section\" data-e-type=\"section\" data-settings=\"{&quot;background_background&quot;:&quot;classic&quot;}\">\n\t\t\t\t\t\t\t<div class=\"elementor-background-overlay\"><\/div>\n\t\t\t\t\t\t\t<div class=\"elementor-container elementor-column-gap-no\">\n\t\t\t\t\t<div class=\"elementor-column elementor-col-100 elementor-top-column elementor-element elementor-element-91706b5\" data-id=\"91706b5\" data-element_type=\"column\" data-e-type=\"column\">\n\t\t\t<div class=\"elementor-widget-wrap elementor-element-populated\">\n\t\t\t\t\t\t<div class=\"elementor-element elementor-element-96a0f91 elementor-widget elementor-widget-heading\" data-id=\"96a0f91\" data-element_type=\"widget\" data-e-type=\"widget\" data-widget_type=\"heading.default\">\n\t\t\t\t<div class=\"elementor-widget-container\">\n\t\t\t\t\t<h2 class=\"elementor-heading-title elementor-size-default\">S\u00c9LECTION DE L'ENREGISTREMENT<\/h2>\t\t\t\t<\/div>\n\t\t\t\t<\/div>\n\t\t\t\t<div class=\"elementor-element elementor-element-65a49e2 elementor-widget elementor-widget-heading\" data-id=\"65a49e2\" data-element_type=\"widget\" data-e-type=\"widget\" data-widget_type=\"heading.default\">\n\t\t\t\t<div class=\"elementor-widget-container\">\n\t\t\t\t\t<p class=\"elementor-heading-title elementor-size-small\">Nous avons 2 cat\u00e9gories d'inscription, voir les d\u00e9tails et s\u00e9lectionner le bouton avec votre pr\u00e9f\u00e9rence. <\/p>\t\t\t\t<\/div>\n\t\t\t\t<\/div>\n\t\t\t\t<section class=\"elementor-section elementor-inner-section elementor-element elementor-element-2e5a51c elementor-section-boxed elementor-section-height-default elementor-section-height-default\" data-id=\"2e5a51c\" data-element_type=\"section\" data-e-type=\"section\">\n\t\t\t\t\t\t<div class=\"elementor-container elementor-column-gap-default\">\n\t\t\t\t\t<div class=\"elementor-column elementor-col-50 elementor-inner-column elementor-element elementor-element-0bb9b51\" data-id=\"0bb9b51\" data-element_type=\"column\" data-e-type=\"column\">\n\t\t\t<div class=\"elementor-widget-wrap elementor-element-populated\">\n\t\t\t\t\t\t<div class=\"elementor-element elementor-element-b2fc41d elementor-widget elementor-widget-accordion\" data-id=\"b2fc41d\" data-element_type=\"widget\" data-e-type=\"widget\" data-widget_type=\"accordion.default\">\n\t\t\t\t<div class=\"elementor-widget-container\">\n\t\t\t\t\t\t\t<div class=\"elementor-accordion\">\n\t\t\t\t\t\t\t<div class=\"elementor-accordion-item\">\n\t\t\t\t\t<div id=\"elementor-tab-title-1871\" class=\"elementor-tab-title\" data-tab=\"1\" role=\"button\" aria-controls=\"elementor-tab-content-1871\" aria-expanded=\"false\">\n\t\t\t\t\t\t\t\t\t\t\t\t\t<span class=\"elementor-accordion-icon elementor-accordion-icon-right\" aria-hidden=\"true\">\n\t\t\t\t\t\t\t\t\t\t\t\t\t\t\t<span class=\"elementor-accordion-icon-closed\"><i class=\"fas fa-caret-right\"><\/i><\/span>\n\t\t\t\t\t\t\t\t<span class=\"elementor-accordion-icon-opened\"><i class=\"fas fa-caret-down\"><\/i><\/span>\n\t\t\t\t\t\t\t\t\t\t\t\t\t\t<\/span>\n\t\t\t\t\t\t\t\t\t\t\t\t<a class=\"elementor-accordion-title\" tabindex=\"0\">1 : Inscription individuelle<\/a>\n\t\t\t\t\t<\/div>\n\t\t\t\t\t<div id=\"elementor-tab-content-1871\" class=\"elementor-tab-content elementor-clearfix\" data-tab=\"1\" role=\"region\" aria-labelledby=\"elementor-tab-title-1871\"><p>Il s'agit de l'enregistrement des personnes, qu'elles soient locales ou internationales. En s\u00e9lectionnant, vous acc\u00e9derez \u00e0 une page o\u00f9 vous pourrez s\u00e9lectionner vos cat\u00e9gories respectives et proc\u00e9der au paiement.<\/p><p>Voir <a href=\"https:\/\/ths.or.tz\/fr\/rate-card\/\">Page de la carte tarifaire<\/a> pour plus de d\u00e9tails sur les prix<\/p><p>\u00a0<\/p><\/div>\n\t\t\t\t<\/div>\n\t\t\t\t\t\t\t\t<\/div>\n\t\t\t\t\t\t<\/div>\n\t\t\t\t<\/div>\n\t\t\t\t<div class=\"elementor-element elementor-element-6150f8e elementor-align-center elementor-widget elementor-widget-button\" data-id=\"6150f8e\" data-element_type=\"widget\" data-e-type=\"widget\" data-widget_type=\"button.default\">\n\t\t\t\t<div class=\"elementor-widget-container\">\n\t\t\t\t\t\t\t\t\t<div class=\"elementor-button-wrapper\">\n\t\t\t\t\t<a class=\"elementor-button elementor-button-link elementor-size-sm\" href=\"https:\/\/registration.ths.or.tz\/\" target=\"_blank\">\n\t\t\t\t\t\t<span class=\"elementor-button-content-wrapper\">\n\t\t\t\t\t\t\t\t\t<span class=\"elementor-button-text\">S'INSCRIRE MAINTENANT<\/span>\n\t\t\t\t\t<\/span>\n\t\t\t\t\t<\/a>\n\t\t\t\t<\/div>\n\t\t\t\t\t\t\t\t<\/div>\n\t\t\t\t<\/div>\n\t\t\t\t\t<\/div>\n\t\t<\/div>\n\t\t\t\t<div class=\"elementor-column elementor-col-50 elementor-inner-column elementor-element elementor-element-1164ebe\" data-id=\"1164ebe\" data-element_type=\"column\" data-e-type=\"column\">\n\t\t\t<div class=\"elementor-widget-wrap elementor-element-populated\">\n\t\t\t\t\t\t<div class=\"elementor-element elementor-element-2ec9af8 elementor-widget elementor-widget-accordion\" data-id=\"2ec9af8\" data-element_type=\"widget\" data-e-type=\"widget\" data-widget_type=\"accordion.default\">\n\t\t\t\t<div class=\"elementor-widget-container\">\n\t\t\t\t\t\t\t<div class=\"elementor-accordion\">\n\t\t\t\t\t\t\t<div class=\"elementor-accordion-item\">\n\t\t\t\t\t<div id=\"elementor-tab-title-4901\" class=\"elementor-tab-title\" data-tab=\"1\" role=\"button\" aria-controls=\"elementor-tab-content-4901\" aria-expanded=\"false\">\n\t\t\t\t\t\t\t\t\t\t\t\t\t<span class=\"elementor-accordion-icon elementor-accordion-icon-right\" aria-hidden=\"true\">\n\t\t\t\t\t\t\t\t\t\t\t\t\t\t\t<span class=\"elementor-accordion-icon-closed\"><i class=\"fas fa-caret-right\"><\/i><\/span>\n\t\t\t\t\t\t\t\t<span class=\"elementor-accordion-icon-opened\"><i class=\"fas fa-caret-down\"><\/i><\/span>\n\t\t\t\t\t\t\t\t\t\t\t\t\t\t<\/span>\n\t\t\t\t\t\t\t\t\t\t\t\t<a class=\"elementor-accordion-title\" tabindex=\"0\">2 : Enregistrement de l'organisation<\/a>\n\t\t\t\t\t<\/div>\n\t\t\t\t\t<div id=\"elementor-tab-content-4901\" class=\"elementor-tab-content elementor-clearfix\" data-tab=\"1\" role=\"region\" aria-labelledby=\"elementor-tab-title-4901\"><p>Cela implique l'enregistrement de l'organisation en fonction des trois cat\u00e9gories suivantes<\/p><ol><li>\u00a0Inscription de la participation<\/li><li>Inscription au parrainage<\/li><li>Inscription \u00e0 l'exposition<\/li><\/ol><p><span style=\"font-style: inherit; font-weight: inherit; color: var(--ast-global-color-3);\">Voir <\/span><a style=\"font-style: inherit; font-weight: inherit; background-color: #f4f5f6;\" href=\"https:\/\/ths.or.tz\/fr\/rate-card\/\">Page de la carte tarifaire<\/a><span style=\"font-style: inherit; font-weight: inherit; color: var(--ast-global-color-3);\"> pour plus de d\u00e9tails sur les prix<\/span><\/p><p>N'h\u00e9sitez pas \u00e0 nous contacter via notre formulaire de contact ou nos num\u00e9ros de t\u00e9l\u00e9phone et nous vous recontacterons soit par t\u00e9l\u00e9phone pour organiser une r\u00e9union et en discuter.<\/p><\/div>\n\t\t\t\t<\/div>\n\t\t\t\t\t\t\t\t<\/div>\n\t\t\t\t\t\t<\/div>\n\t\t\t\t<\/div>\n\t\t\t\t<div class=\"elementor-element elementor-element-c18aef4 elementor-align-center elementor-widget elementor-widget-button\" data-id=\"c18aef4\" data-element_type=\"widget\" data-e-type=\"widget\" data-widget_type=\"button.default\">\n\t\t\t\t<div class=\"elementor-widget-container\">\n\t\t\t\t\t\t\t\t\t<div class=\"elementor-button-wrapper\">\n\t\t\t\t\t<a class=\"elementor-button elementor-button-link elementor-size-sm\" href=\"https:\/\/ths.or.tz\/fr\/contact\/\" target=\"_blank\">\n\t\t\t\t\t\t<span class=\"elementor-button-content-wrapper\">\n\t\t\t\t\t\t\t\t\t<span class=\"elementor-button-text\">CONTACTEZ-NOUS<\/span>\n\t\t\t\t\t<\/span>\n\t\t\t\t\t<\/a>\n\t\t\t\t<\/div>\n\t\t\t\t\t\t\t\t<\/div>\n\t\t\t\t<\/div>\n\t\t\t\t\t<\/div>\n\t\t<\/div>\n\t\t\t\t\t<\/div>\n\t\t<\/section>\n\t\t\t\t\t<\/div>\n\t\t<\/div>\n\t\t\t\t\t<\/div>\n\t\t<\/section>\n\t\t\t\t<section class=\"elementor-section elementor-top-section elementor-element elementor-element-e7b3b2f elementor-section-content-middle elementor-section-boxed elementor-section-height-default elementor-section-height-default\" data-id=\"e7b3b2f\" data-element_type=\"section\" data-e-type=\"section\" data-settings=\"{&quot;background_background&quot;:&quot;classic&quot;}\">\n\t\t\t\t\t\t\t<div class=\"elementor-background-overlay\"><\/div>\n\t\t\t\t\t\t\t<div class=\"elementor-container elementor-column-gap-wide\">\n\t\t\t\t\t<div class=\"elementor-column elementor-col-100 elementor-top-column elementor-element elementor-element-5bc4b45\" data-id=\"5bc4b45\" data-element_type=\"column\" data-e-type=\"column\">\n\t\t\t<div class=\"elementor-widget-wrap elementor-element-populated\">\n\t\t\t\t\t\t<div class=\"elementor-element elementor-element-fa8ff88 elementor-widget elementor-widget-heading\" data-id=\"fa8ff88\" data-element_type=\"widget\" data-e-type=\"widget\" data-widget_type=\"heading.default\">\n\t\t\t\t<div class=\"elementor-widget-container\">\n\t\t\t\t\t<h4 class=\"elementor-heading-title elementor-size-default\"><a href=\"http:\/\/ths.or.tz\/fr\/register\/\">SOMMET DE LA SANT\u00c9 EN TANZANIE 2026<\/a><\/h4>\t\t\t\t<\/div>\n\t\t\t\t<\/div>\n\t\t\t\t<div class=\"elementor-element elementor-element-74e9e50 elementor-widget elementor-widget-heading\" data-id=\"74e9e50\" data-element_type=\"widget\" data-e-type=\"widget\" data-widget_type=\"heading.default\">\n\t\t\t\t<div class=\"elementor-widget-container\">\n\t\t\t\t\t<h3 class=\"elementor-heading-title elementor-size-default\">MAINTENANT OUVERT<\/h3>\t\t\t\t<\/div>\n\t\t\t\t<\/div>\n\t\t\t\t\t<\/div>\n\t\t<\/div>\n\t\t\t\t\t<\/div>\n\t\t<\/section>\n\t\t\t\t<\/div>","protected":false},"excerpt":{"rendered":"<p>TANZANIA HEALTH SUMMIT 2026 REGISTRATION SELECTION We have 2 registration categories, view details and selected the button with you preferred preference 1: Individual Registration This involves the registration of individuals either local or international. On Select you shall be taken to a page which one selects their respective categories and may proceed to payment View [&hellip;]<\/p>\n","protected":false},"author":1,"featured_media":0,"parent":0,"menu_order":0,"comment_status":"closed","ping_status":"closed","template":"","meta":{"nf_dc_page":"","om_disable_all_campaigns":false,"_uag_custom_page_level_css":"","_monsterinsights_skip_tracking":false,"_monsterinsights_sitenote_active":false,"_monsterinsights_sitenote_note":"","_monsterinsights_sitenote_category":0,"_uf_show_specific_survey":0,"_uf_disable_surveys":false,"site-sidebar-layout":"no-sidebar","site-content-layout":"page-builder","ast-site-content-layout":"default","site-content-style":"default","site-sidebar-style":"default","ast-global-header-display":"","ast-banner-title-visibility":"","ast-main-header-display":"","ast-hfb-above-header-display":"","ast-hfb-below-header-display":"","ast-hfb-mobile-header-display":"","site-post-title":"disabled","ast-breadcrumbs-content":"","ast-featured-img":"disabled","footer-sml-layout":"","ast-disable-related-posts":"","theme-transparent-header-meta":"","adv-header-id-meta":"","stick-header-meta":"","header-above-stick-meta":"","header-main-stick-meta":"","header-below-stick-meta":"","astra-migrate-meta-layouts":"default","ast-page-background-enabled":"default","ast-page-background-meta":{"desktop":{"background-color":"","background-image":"","background-repeat":"repeat","background-position":"center center","background-size":"auto","background-attachment":"scroll","background-type":"","background-media":"","overlay-type":"","overlay-color":"","overlay-opacity":"","overlay-gradient":""},"tablet":{"background-color":"","background-image":"","background-repeat":"repeat","background-position":"center center","background-size":"auto","background-attachment":"scroll","background-type":"","background-media":"","overlay-type":"","overlay-color":"","overlay-opacity":"","overlay-gradient":""},"mobile":{"background-color":"","background-image":"","background-repeat":"repeat","background-position":"center center","background-size":"auto","background-attachment":"scroll","background-type":"","background-media":"","overlay-type":"","overlay-color":"","overlay-opacity":"","overlay-gradient":""}},"ast-content-background-meta":{"desktop":{"background-color":"var(--ast-global-color-5)","background-image":"","background-repeat":"repeat","background-position":"center center","background-size":"auto","background-attachment":"scroll","background-type":"","background-media":"","overlay-type":"","overlay-color":"","overlay-opacity":"","overlay-gradient":""},"tablet":{"background-color":"var(--ast-global-color-5)","background-image":"","background-repeat":"repeat","background-position":"center center","background-size":"auto","background-attachment":"scroll","background-type":"","background-media":"","overlay-type":"","overlay-color":"","overlay-opacity":"","overlay-gradient":""},"mobile":{"background-color":"var(--ast-global-color-5)","background-image":"","background-repeat":"repeat","background-position":"center center","background-size":"auto","background-attachment":"scroll","background-type":"","background-media":"","overlay-type":"","overlay-color":"","overlay-opacity":"","overlay-gradient":""}},"footnotes":""},"class_list":["post-2357","page","type-page","status-publish","hentry"],"aioseo_notices":[],"yoast_head":"<!-- This site is optimized with the Yoast SEO plugin v27.4 - https:\/\/yoast.com\/product\/yoast-seo-wordpress\/ -->\n<title>Registration Selection - Ths<\/title>\n<meta name=\"robots\" content=\"index, follow, max-snippet:-1, max-image-preview:large, max-video-preview:-1\" \/>\n<link rel=\"canonical\" href=\"https:\/\/ths.or.tz\/fr\/registration-selection\/\" \/>\n<meta property=\"og:locale\" content=\"fr_FR\" \/>\n<meta property=\"og:type\" content=\"article\" \/>\n<meta property=\"og:title\" content=\"Registration Selection - Ths\" \/>\n<meta property=\"og:description\" content=\"TANZANIA HEALTH SUMMIT 2026 REGISTRATION SELECTION We have 2 registration categories, view details and selected the button with you preferred preference 1: Individual Registration This involves the registration of individuals either local or international. On Select you shall be taken to a page which one selects their respective categories and may proceed to payment View [&hellip;]\" \/>\n<meta property=\"og:url\" content=\"https:\/\/ths.or.tz\/fr\/registration-selection\/\" \/>\n<meta property=\"og:site_name\" content=\"Ths\" \/>\n<meta property=\"article:modified_time\" content=\"2026-02-24T11:34:15+00:00\" \/>\n<meta name=\"twitter:card\" content=\"summary_large_image\" \/>\n<meta name=\"twitter:label1\" content=\"Dur\u00e9e de lecture estim\u00e9e\" \/>\n\t<meta name=\"twitter:data1\" content=\"1 minute\" \/>\n<script type=\"application\/ld+json\" class=\"yoast-schema-graph\">{\"@context\":\"https:\\\/\\\/schema.org\",\"@graph\":[{\"@type\":\"WebPage\",\"@id\":\"https:\\\/\\\/ths.or.tz\\\/registration-selection\\\/\",\"url\":\"https:\\\/\\\/ths.or.tz\\\/registration-selection\\\/\",\"name\":\"Registration Selection - Ths\",\"isPartOf\":{\"@id\":\"https:\\\/\\\/ths.or.tz\\\/#website\"},\"datePublished\":\"2022-04-28T14:02:35+00:00\",\"dateModified\":\"2026-02-24T11:34:15+00:00\",\"breadcrumb\":{\"@id\":\"https:\\\/\\\/ths.or.tz\\\/registration-selection\\\/#breadcrumb\"},\"inLanguage\":\"fr-FR\",\"potentialAction\":[{\"@type\":\"ReadAction\",\"target\":[\"https:\\\/\\\/ths.or.tz\\\/registration-selection\\\/\"]}]},{\"@type\":\"BreadcrumbList\",\"@id\":\"https:\\\/\\\/ths.or.tz\\\/registration-selection\\\/#breadcrumb\",\"itemListElement\":[{\"@type\":\"ListItem\",\"position\":1,\"name\":\"Home\",\"item\":\"https:\\\/\\\/ths.or.tz\\\/\"},{\"@type\":\"ListItem\",\"position\":2,\"name\":\"Registration Selection\"}]},{\"@type\":\"WebSite\",\"@id\":\"https:\\\/\\\/ths.or.tz\\\/#website\",\"url\":\"https:\\\/\\\/ths.or.tz\\\/\",\"name\":\"Ths\",\"description\":\"Improve social accountability for better health sector governance\",\"publisher\":{\"@id\":\"https:\\\/\\\/ths.or.tz\\\/#organization\"},\"potentialAction\":[{\"@type\":\"SearchAction\",\"target\":{\"@type\":\"EntryPoint\",\"urlTemplate\":\"https:\\\/\\\/ths.or.tz\\\/?s={search_term_string}\"},\"query-input\":{\"@type\":\"PropertyValueSpecification\",\"valueRequired\":true,\"valueName\":\"search_term_string\"}}],\"inLanguage\":\"fr-FR\"},{\"@type\":\"Organization\",\"@id\":\"https:\\\/\\\/ths.or.tz\\\/#organization\",\"name\":\"Ths\",\"url\":\"https:\\\/\\\/ths.or.tz\\\/\",\"logo\":{\"@type\":\"ImageObject\",\"inLanguage\":\"fr-FR\",\"@id\":\"https:\\\/\\\/ths.or.tz\\\/#\\\/schema\\\/logo\\\/image\\\/\",\"url\":\"https:\\\/\\\/i0.wp.com\\\/ths.or.tz\\\/wp-content\\\/uploads\\\/2022\\\/02\\\/ths-transparent.png?fit=500%2C500&ssl=1\",\"contentUrl\":\"https:\\\/\\\/i0.wp.com\\\/ths.or.tz\\\/wp-content\\\/uploads\\\/2022\\\/02\\\/ths-transparent.png?fit=500%2C500&ssl=1\",\"width\":500,\"height\":500,\"caption\":\"Ths\"},\"image\":{\"@id\":\"https:\\\/\\\/ths.or.tz\\\/#\\\/schema\\\/logo\\\/image\\\/\"}}]}<\/script>\n<!-- \/ Yoast SEO plugin. -->","yoast_head_json":{"title":"S\u00e9lection de l'enregistrement - Ths","robots":{"index":"index","follow":"follow","max-snippet":"max-snippet:-1","max-image-preview":"max-image-preview:large","max-video-preview":"max-video-preview:-1"},"canonical":"https:\/\/ths.or.tz\/fr\/registration-selection\/","og_locale":"fr_FR","og_type":"article","og_title":"Registration Selection - Ths","og_description":"TANZANIA HEALTH SUMMIT 2026 REGISTRATION SELECTION We have 2 registration categories, view details and selected the button with you preferred preference 1: Individual Registration This involves the registration of individuals either local or international. On Select you shall be taken to a page which one selects their respective categories and may proceed to payment View [&hellip;]","og_url":"https:\/\/ths.or.tz\/fr\/registration-selection\/","og_site_name":"Ths","article_modified_time":"2026-02-24T11:34:15+00:00","twitter_card":"summary_large_image","twitter_misc":{"Dur\u00e9e de lecture estim\u00e9e":"1 minute"},"schema":{"@context":"https:\/\/schema.org","@graph":[{"@type":"WebPage","@id":"https:\/\/ths.or.tz\/registration-selection\/","url":"https:\/\/ths.or.tz\/registration-selection\/","name":"S\u00e9lection de l'enregistrement - Ths","isPartOf":{"@id":"https:\/\/ths.or.tz\/#website"},"datePublished":"2022-04-28T14:02:35+00:00","dateModified":"2026-02-24T11:34:15+00:00","breadcrumb":{"@id":"https:\/\/ths.or.tz\/registration-selection\/#breadcrumb"},"inLanguage":"fr-FR","potentialAction":[{"@type":"ReadAction","target":["https:\/\/ths.or.tz\/registration-selection\/"]}]},{"@type":"BreadcrumbList","@id":"https:\/\/ths.or.tz\/registration-selection\/#breadcrumb","itemListElement":[{"@type":"ListItem","position":1,"name":"Home","item":"https:\/\/ths.or.tz\/"},{"@type":"ListItem","position":2,"name":"Registration Selection"}]},{"@type":"WebSite","@id":"https:\/\/ths.or.tz\/#website","url":"https:\/\/ths.or.tz\/","name":"Ths","description":"Am\u00e9liorer la responsabilit\u00e9 sociale pour une meilleure gouvernance du secteur de la sant\u00e9","publisher":{"@id":"https:\/\/ths.or.tz\/#organization"},"potentialAction":[{"@type":"SearchAction","target":{"@type":"EntryPoint","urlTemplate":"https:\/\/ths.or.tz\/?s={search_term_string}"},"query-input":{"@type":"PropertyValueSpecification","valueRequired":true,"valueName":"search_term_string"}}],"inLanguage":"fr-FR"},{"@type":"Organization","@id":"https:\/\/ths.or.tz\/#organization","name":"Ths","url":"https:\/\/ths.or.tz\/","logo":{"@type":"ImageObject","inLanguage":"fr-FR","@id":"https:\/\/ths.or.tz\/#\/schema\/logo\/image\/","url":"https:\/\/i0.wp.com\/ths.or.tz\/wp-content\/uploads\/2022\/02\/ths-transparent.png?fit=500%2C500&ssl=1","contentUrl":"https:\/\/i0.wp.com\/ths.or.tz\/wp-content\/uploads\/2022\/02\/ths-transparent.png?fit=500%2C500&ssl=1","width":500,"height":500,"caption":"Ths"},"image":{"@id":"https:\/\/ths.or.tz\/#\/schema\/logo\/image\/"}}]}},"uagb_featured_image_src":{"full":false,"thumbnail":false,"medium":false,"medium_large":false,"large":false,"1536x1536":false,"2048x2048":false,"trp-custom-language-flag":false,"mailpoet_newsletter_max":false,"woocommerce_thumbnail":false,"woocommerce_single":false,"woocommerce_gallery_thumbnail":false},"uagb_author_info":{"display_name":"admin","author_link":"https:\/\/ths.or.tz\/fr\/author\/admin\/"},"uagb_comment_info":0,"uagb_excerpt":"TANZANIA HEALTH SUMMIT 2026 REGISTRATION SELECTION We have 2 registration categories, view details and selected the button with you preferred preference 1: Individual Registration This involves the registration of individuals either local or international. On Select you shall be taken to a page which one selects their respective categories and may proceed to payment View\u2026","jetpack_sharing_enabled":true,"_links":{"self":[{"href":"https:\/\/ths.or.tz\/fr\/wp-json\/wp\/v2\/pages\/2357","targetHints":{"allow":["GET"]}}],"collection":[{"href":"https:\/\/ths.or.tz\/fr\/wp-json\/wp\/v2\/pages"}],"about":[{"href":"https:\/\/ths.or.tz\/fr\/wp-json\/wp\/v2\/types\/page"}],"author":[{"embeddable":true,"href":"https:\/\/ths.or.tz\/fr\/wp-json\/wp\/v2\/users\/1"}],"replies":[{"embeddable":true,"href":"https:\/\/ths.or.tz\/fr\/wp-json\/wp\/v2\/comments?post=2357"}],"version-history":[{"count":5,"href":"https:\/\/ths.or.tz\/fr\/wp-json\/wp\/v2\/pages\/2357\/revisions"}],"predecessor-version":[{"id":12732,"href":"https:\/\/ths.or.tz\/fr\/wp-json\/wp\/v2\/pages\/2357\/revisions\/12732"}],"wp:attachment":[{"href":"https:\/\/ths.or.tz\/fr\/wp-json\/wp\/v2\/media?parent=2357"}],"curies":[{"name":"wp","href":"https:\/\/api.w.org\/{rel}","templated":true}]}}