{"id":10241,"date":"2024-09-05T10:16:43","date_gmt":"2024-09-05T07:16:43","guid":{"rendered":"https:\/\/ths.or.tz\/?page_id=10241"},"modified":"2024-09-05T10:17:02","modified_gmt":"2024-09-05T07:17:02","slug":"publication-of-ths-2023-abstracts","status":"publish","type":"page","link":"https:\/\/ths.or.tz\/fr\/publication-of-ths-2023-abstracts\/","title":{"rendered":"Publication of THS 2023 Abstracts"},"content":{"rendered":"<div data-elementor-type=\"wp-page\" data-elementor-id=\"10241\" class=\"elementor elementor-10241\" data-elementor-post-type=\"page\">\n\t\t\t\t\t\t<section class=\"elementor-section elementor-top-section elementor-element elementor-element-9ade28b elementor-section-full_width elementor-section-height-min-height elementor-section-items-stretch elementor-section-content-middle elementor-section-height-default\" data-id=\"9ade28b\" data-element_type=\"section\" data-e-type=\"section\" data-settings=\"{&quot;background_background&quot;:&quot;classic&quot;}\">\n\t\t\t\t\t\t\t<div class=\"elementor-background-overlay\"><\/div>\n\t\t\t\t\t\t\t<div class=\"elementor-container elementor-column-gap-no\">\n\t\t\t\t\t<div class=\"elementor-column elementor-col-100 elementor-top-column elementor-element elementor-element-cc979b6\" data-id=\"cc979b6\" data-element_type=\"column\" data-e-type=\"column\">\n\t\t\t<div class=\"elementor-widget-wrap elementor-element-populated\">\n\t\t\t\t\t\t<section class=\"elementor-section elementor-inner-section elementor-element elementor-element-96159fc elementor-section-boxed elementor-section-height-default elementor-section-height-default\" data-id=\"96159fc\" data-element_type=\"section\" data-e-type=\"section\">\n\t\t\t\t\t\t<div class=\"elementor-container elementor-column-gap-no\">\n\t\t\t\t\t<div class=\"elementor-column elementor-col-100 elementor-inner-column elementor-element elementor-element-fdc2b85\" data-id=\"fdc2b85\" data-element_type=\"column\" data-e-type=\"column\">\n\t\t\t<div class=\"elementor-widget-wrap elementor-element-populated\">\n\t\t\t\t\t\t<div class=\"elementor-element elementor-element-81bdf65 elementor-invisible elementor-widget elementor-widget-heading\" data-id=\"81bdf65\" data-element_type=\"widget\" data-e-type=\"widget\" data-settings=\"{&quot;_animation&quot;:&quot;fadeIn&quot;,&quot;_animation_delay&quot;:400}\" data-widget_type=\"heading.default\">\n\t\t\t\t<div class=\"elementor-widget-container\">\n\t\t\t\t\t<h3 class=\"elementor-heading-title elementor-size-default\">Nos histoires<\/h3>\t\t\t\t<\/div>\n\t\t\t\t<\/div>\n\t\t\t\t\t<\/div>\n\t\t<\/div>\n\t\t\t\t\t<\/div>\n\t\t<\/section>\n\t\t\t\t\t<\/div>\n\t\t<\/div>\n\t\t\t\t\t<\/div>\n\t\t<\/section>\n\t\t\t\t<section class=\"elementor-section elementor-top-section elementor-element elementor-element-ad47c8d elementor-section-boxed elementor-section-height-default elementor-section-height-default\" data-id=\"ad47c8d\" data-element_type=\"section\" data-e-type=\"section\">\n\t\t\t\t\t\t<div class=\"elementor-container elementor-column-gap-default\">\n\t\t\t\t\t<div class=\"elementor-column elementor-col-100 elementor-top-column elementor-element elementor-element-1b4cd18\" data-id=\"1b4cd18\" data-element_type=\"column\" data-e-type=\"column\">\n\t\t\t<div class=\"elementor-widget-wrap elementor-element-populated\">\n\t\t\t\t\t\t<div class=\"elementor-element elementor-element-5377538 elementor-widget elementor-widget-heading\" data-id=\"5377538\" data-element_type=\"widget\" data-e-type=\"widget\" data-widget_type=\"heading.default\">\n\t\t\t\t<div class=\"elementor-widget-container\">\n\t\t\t\t\t<h3 class=\"elementor-heading-title elementor-size-default\">Les r\u00e9sum\u00e9s pr\u00e9sent\u00e9s lors de la conf\u00e9rence THS2023 sont reconnus mondialement dans BMC Proceedings<\/h3>\t\t\t\t<\/div>\n\t\t\t\t<\/div>\n\t\t\t\t<section class=\"elementor-section elementor-inner-section elementor-element elementor-element-1a6671c elementor-section-boxed elementor-section-height-default elementor-section-height-default\" data-id=\"1a6671c\" data-element_type=\"section\" data-e-type=\"section\">\n\t\t\t\t\t\t<div class=\"elementor-container elementor-column-gap-default\">\n\t\t\t\t\t<div class=\"elementor-column elementor-col-33 elementor-inner-column elementor-element elementor-element-f474af6\" data-id=\"f474af6\" data-element_type=\"column\" data-e-type=\"column\">\n\t\t\t<div class=\"elementor-widget-wrap\">\n\t\t\t\t\t\t\t<\/div>\n\t\t<\/div>\n\t\t\t\t<div class=\"elementor-column elementor-col-33 elementor-inner-column elementor-element elementor-element-7eea06b\" data-id=\"7eea06b\" data-element_type=\"column\" data-e-type=\"column\">\n\t\t\t<div class=\"elementor-widget-wrap elementor-element-populated\">\n\t\t\t\t\t\t<div class=\"elementor-element elementor-element-2b0f4713 elementor-widget__width-initial elementor-widget elementor-widget-image\" data-id=\"2b0f4713\" data-element_type=\"widget\" data-e-type=\"widget\" data-widget_type=\"image.default\">\n\t\t\t\t<div class=\"elementor-widget-container\">\n\t\t\t\t\t\t\t\t\t\t\t\t<figure class=\"wp-caption\">\n\t\t\t\t\t\t\t\t\t\t<img fetchpriority=\"high\" decoding=\"async\" width=\"1024\" height=\"683\" src=\"https:\/\/i0.wp.com\/ths.or.tz\/wp-content\/uploads\/2024\/09\/AV8D9627-scaled.jpg?fit=1024%2C683&amp;ssl=1\" class=\"attachment-large size-large wp-image-10242\" alt=\"\" srcset=\"https:\/\/i0.wp.com\/ths.or.tz\/wp-content\/uploads\/2024\/09\/AV8D9627-scaled.jpg?w=2560&amp;ssl=1 2560w, https:\/\/i0.wp.com\/ths.or.tz\/wp-content\/uploads\/2024\/09\/AV8D9627-scaled.jpg?resize=300%2C200&amp;ssl=1 300w, https:\/\/i0.wp.com\/ths.or.tz\/wp-content\/uploads\/2024\/09\/AV8D9627-scaled.jpg?resize=1024%2C683&amp;ssl=1 1024w, https:\/\/i0.wp.com\/ths.or.tz\/wp-content\/uploads\/2024\/09\/AV8D9627-scaled.jpg?resize=768%2C512&amp;ssl=1 768w, https:\/\/i0.wp.com\/ths.or.tz\/wp-content\/uploads\/2024\/09\/AV8D9627-scaled.jpg?resize=1536%2C1024&amp;ssl=1 1536w, https:\/\/i0.wp.com\/ths.or.tz\/wp-content\/uploads\/2024\/09\/AV8D9627-scaled.jpg?w=2400&amp;ssl=1 2400w\" sizes=\"(max-width: 1024px) 100vw, 1024px\" \/>\t\t\t\t\t\t\t\t\t\t\t<figcaption class=\"widget-image-caption wp-caption-text\">Les pr\u00e9sentateurs des meilleurs r\u00e9sum\u00e9s re\u00e7oivent un prix lors de la conf\u00e9rence THS2023 PHOTO CREDIT | THS<\/figcaption>\n\t\t\t\t\t\t\t\t\t\t<\/figure>\n\t\t\t\t\t\t\t\t\t<\/div>\n\t\t\t\t<\/div>\n\t\t\t\t\t<\/div>\n\t\t<\/div>\n\t\t\t\t<div class=\"elementor-column elementor-col-33 elementor-inner-column elementor-element elementor-element-6b5e9e8\" data-id=\"6b5e9e8\" data-element_type=\"column\" data-e-type=\"column\">\n\t\t\t<div class=\"elementor-widget-wrap\">\n\t\t\t\t\t\t\t<\/div>\n\t\t<\/div>\n\t\t\t\t\t<\/div>\n\t\t<\/section>\n\t\t\t\t\t<\/div>\n\t\t<\/div>\n\t\t\t\t\t<\/div>\n\t\t<\/section>\n\t\t\t\t<section class=\"elementor-section elementor-top-section elementor-element elementor-element-58489e28 elementor-section-content-middle elementor-section-boxed elementor-section-height-default elementor-section-height-default\" data-id=\"58489e28\" data-element_type=\"section\" data-e-type=\"section\" data-settings=\"{&quot;background_background&quot;:&quot;classic&quot;}\">\n\t\t\t\t\t\t\t<div class=\"elementor-background-overlay\"><\/div>\n\t\t\t\t\t\t\t<div class=\"elementor-container elementor-column-gap-custom\">\n\t\t\t\t\t<div class=\"elementor-column elementor-col-100 elementor-top-column elementor-element elementor-element-5c978b86\" data-id=\"5c978b86\" data-element_type=\"column\" data-e-type=\"column\">\n\t\t\t<div class=\"elementor-widget-wrap elementor-element-populated\">\n\t\t\t\t\t\t<div class=\"elementor-element elementor-element-dd6ffad elementor-widget elementor-widget-heading\" data-id=\"dd6ffad\" data-element_type=\"widget\" data-e-type=\"widget\" data-widget_type=\"heading.default\">\n\t\t\t\t<div class=\"elementor-widget-container\">\n\t\t\t\t\t<h5 class=\"elementor-heading-title elementor-size-medium\"><span><span style=\"font-family: 'Times New Roman', serif;color: #4d4d4d;background-image: initial;background-position: initial;background-size: initial;background-repeat: initial;background-attachment: initial\">4<sup>th<\/sup> septembre 2024<\/span><\/span><span><span style=\"font-family: 'Times New Roman', serif;color: #4d4d4d;background-image: initial;background-position: initial;background-size: initial;background-repeat: initial;background-attachment: initial\"> | <\/span><\/span><span><span style=\"font-family: 'Times New Roman', serif;color: #0070c0;background-image: initial;background-position: initial;background-size: initial;background-repeat: initial;background-attachment: initial\">Communication scientifique<\/span><\/span><\/h5>\t\t\t\t<\/div>\n\t\t\t\t<\/div>\n\t\t\t\t<div class=\"elementor-element elementor-element-b2930b8 elementor-widget elementor-widget-text-editor\" data-id=\"b2930b8\" data-element_type=\"widget\" data-e-type=\"widget\" data-widget_type=\"text-editor.default\">\n\t\t\t\t<div class=\"elementor-widget-container\">\n\t\t\t\t\t\t\t\t\t<p>Plus de 200 chercheurs qui ont pr\u00e9sent\u00e9 leurs travaux lors du 10e sommet sur la sant\u00e9 en Tanzanie (THS) en 2023 ont vu leurs r\u00e9sum\u00e9s publi\u00e9s dans la prestigieuse revue \"Tanzania Health Summit\" (THS). <a href=\"https:\/\/www.springermedizin.de\/abstracts-of-the-10th-tanzania-health-summit\/27639316\"><em>Actes de BMC<\/em><\/a> et franchissent ainsi une \u00e9tape importante dans leur processus de diffusion.<\/p><p>La publication de r\u00e9sum\u00e9s dans une revue scientifique est une \u00e9tape cruciale dans la diffusion des r\u00e9sultats de la recherche et l'\u00e9tablissement d'une cr\u00e9dibilit\u00e9 au sein de la communaut\u00e9 universitaire par le biais de sommets cr\u00e9dibles, tels que le THS, a d\u00e9clar\u00e9 le Dr Omary Chillo, pr\u00e9sident du Sommet de la sant\u00e9 de Tanzanie.<\/p><p>Pr\u00e9senter un r\u00e9sum\u00e9 lors du prochain sommet, c'est porter la science \u00e0 l'\u00e9chelle mondiale\", d\u00e9clare-t-il.<\/p><p>Le Dr Chillo, qui est \u00e9galement professeur de physiologie \u00e0 l'universit\u00e9 Muhimbili de la sant\u00e9 et des sciences connexes (MUHAS), a soulign\u00e9 l'importance de cette initiative.<\/p><p>\"La publication d'un r\u00e9sum\u00e9 dans une revue renomm\u00e9e comme BMC Proceedings valide l'importance scientifique du travail pr\u00e9sent\u00e9 et ouvre la voie \u00e0 une diffusion plus large\", a-t-il d\u00e9clar\u00e9.<\/p><p>THIS soutient la publication de r\u00e9sum\u00e9s dans BMC Proceedings afin d'offrir aux chercheurs une plateforme pour pr\u00e9senter leurs travaux et am\u00e9liorer leur visibilit\u00e9. En citant les r\u00e9sum\u00e9s qu'ils ont publi\u00e9s dans leurs futurs travaux de recherche, les chercheurs peuvent renforcer leurs r\u00e9f\u00e9rences acad\u00e9miques et contribuer \u00e0 l'avancement de leur domaine.<\/p><p>Les r\u00e9sum\u00e9s ont \u00e9t\u00e9 publi\u00e9s le 1er septembre 2024 dans BMC Proceedings, une revue qui fait partie de Springer Nature. Les auteurs ont ainsi la possibilit\u00e9 d'entrer en contact avec des communaut\u00e9s de chercheurs du monde entier et d'\u00e9largir potentiellement leurs collaborations.<\/p><p>Alors que la THS se pr\u00e9pare pour sa 11e \u00e9dition, le Dr Chillo s'est montr\u00e9 optimiste quant \u00e0 la poursuite du succ\u00e8s de l'initiative. \"Nous avons d\u00e9j\u00e0 re\u00e7u plus de 200 r\u00e9sum\u00e9s pour le sommet de cette ann\u00e9e \u00e0 Zanzibar, et nous pr\u00e9voyons encore plus de recherches r\u00e9volutionnaires\", a-t-il d\u00e9clar\u00e9.<\/p><p>Au-del\u00e0 de la publication de leurs r\u00e9sum\u00e9s, cela signifie que les chercheurs ont la possibilit\u00e9 de r\u00e9diger un article complet et de le soumettre \u00e0 la revue de leur choix, o\u00f9 leur article peut \u00eatre soumis \u00e0 un examen rigoureux.<\/p>\t\t\t\t\t\t\t\t<\/div>\n\t\t\t\t<\/div>\n\t\t\t\t\t<\/div>\n\t\t<\/div>\n\t\t\t\t\t<\/div>\n\t\t<\/section>\n\t\t\t\t<\/div>","protected":false},"excerpt":{"rendered":"<p>Our Stories Abstracts Presented During THS2023 Gain Global Recognition In BMC Proceedings Best Abstract presenters receiving Award during THS2023 PHOTO CREDIT | THS 4th September 2024 | Scientific Communication Over 200 researchers who presented their work at the 10th Tanzania Health Summit (THS) in 2023 have got their abstracts published in the prestigious BMC Proceedings [&hellip;]<\/p>\n","protected":false},"author":1,"featured_media":0,"parent":0,"menu_order":0,"comment_status":"closed","ping_status":"closed","template":"","meta":{"nf_dc_page":"","om_disable_all_campaigns":false,"_uag_custom_page_level_css":"","_monsterinsights_skip_tracking":false,"_monsterinsights_sitenote_active":false,"_monsterinsights_sitenote_note":"","_monsterinsights_sitenote_category":0,"_uf_show_specific_survey":0,"_uf_disable_surveys":false,"site-sidebar-layout":"no-sidebar","site-content-layout":"page-builder","ast-site-content-layout":"full-width-container","site-content-style":"unboxed","site-sidebar-style":"unboxed","ast-global-header-display":"","ast-banner-title-visibility":"","ast-main-header-display":"","ast-hfb-above-header-display":"","ast-hfb-below-header-display":"","ast-hfb-mobile-header-display":"","site-post-title":"disabled","ast-breadcrumbs-content":"","ast-featured-img":"disabled","footer-sml-layout":"","ast-disable-related-posts":"","theme-transparent-header-meta":"enabled","adv-header-id-meta":"","stick-header-meta":"","header-above-stick-meta":"","header-main-stick-meta":"","header-below-stick-meta":"","astra-migrate-meta-layouts":"set","ast-page-background-enabled":"default","ast-page-background-meta":{"desktop":{"background-color":"","background-image":"","background-repeat":"repeat","background-position":"center center","background-size":"auto","background-attachment":"scroll","background-type":"","background-media":"","overlay-type":"","overlay-color":"","overlay-opacity":"","overlay-gradient":""},"tablet":{"background-color":"","background-image":"","background-repeat":"repeat","background-position":"center center","background-size":"auto","background-attachment":"scroll","background-type":"","background-media":"","overlay-type":"","overlay-color":"","overlay-opacity":"","overlay-gradient":""},"mobile":{"background-color":"","background-image":"","background-repeat":"repeat","background-position":"center center","background-size":"auto","background-attachment":"scroll","background-type":"","background-media":"","overlay-type":"","overlay-color":"","overlay-opacity":"","overlay-gradient":""}},"ast-content-background-meta":{"desktop":{"background-color":"var(--ast-global-color-5)","background-image":"","background-repeat":"repeat","background-position":"center center","background-size":"auto","background-attachment":"scroll","background-type":"","background-media":"","overlay-type":"","overlay-color":"","overlay-opacity":"","overlay-gradient":""},"tablet":{"background-color":"var(--ast-global-color-5)","background-image":"","background-repeat":"repeat","background-position":"center center","background-size":"auto","background-attachment":"scroll","background-type":"","background-media":"","overlay-type":"","overlay-color":"","overlay-opacity":"","overlay-gradient":""},"mobile":{"background-color":"var(--ast-global-color-5)","background-image":"","background-repeat":"repeat","background-position":"center center","background-size":"auto","background-attachment":"scroll","background-type":"","background-media":"","overlay-type":"","overlay-color":"","overlay-opacity":"","overlay-gradient":""}},"footnotes":""},"class_list":["post-10241","page","type-page","status-publish","hentry"],"aioseo_notices":[],"yoast_head":"<!-- This site is optimized with the Yoast SEO plugin v27.4 - https:\/\/yoast.com\/product\/yoast-seo-wordpress\/ -->\n<title>Publication of THS 2023 Abstracts - Ths<\/title>\n<meta name=\"robots\" content=\"index, follow, max-snippet:-1, max-image-preview:large, max-video-preview:-1\" \/>\n<link rel=\"canonical\" href=\"https:\/\/ths.or.tz\/fr\/publication-of-ths-2023-abstracts\/\" \/>\n<meta property=\"og:locale\" content=\"fr_FR\" \/>\n<meta property=\"og:type\" content=\"article\" \/>\n<meta property=\"og:title\" content=\"Publication of THS 2023 Abstracts - Ths\" \/>\n<meta property=\"og:description\" content=\"Our Stories Abstracts Presented During THS2023 Gain Global Recognition In BMC Proceedings Best Abstract presenters receiving Award during THS2023 PHOTO CREDIT | THS 4th September 2024 | Scientific Communication Over 200 researchers who presented their work at the 10th Tanzania Health Summit (THS) in 2023 have got their abstracts published in the prestigious BMC Proceedings [&hellip;]\" \/>\n<meta property=\"og:url\" content=\"https:\/\/ths.or.tz\/fr\/publication-of-ths-2023-abstracts\/\" \/>\n<meta property=\"og:site_name\" content=\"Ths\" \/>\n<meta property=\"article:modified_time\" content=\"2024-09-05T07:17:02+00:00\" \/>\n<meta property=\"og:image\" content=\"https:\/\/ths.or.tz\/wp-content\/uploads\/2024\/09\/AV8D9627-1024x683.jpg\" \/>\n<meta name=\"twitter:card\" content=\"summary_large_image\" \/>\n<meta name=\"twitter:label1\" content=\"Dur\u00e9e de lecture estim\u00e9e\" \/>\n\t<meta name=\"twitter:data1\" content=\"2 minutes\" \/>\n<script type=\"application\/ld+json\" class=\"yoast-schema-graph\">{\"@context\":\"https:\\\/\\\/schema.org\",\"@graph\":[{\"@type\":\"WebPage\",\"@id\":\"https:\\\/\\\/ths.or.tz\\\/publication-of-ths-2023-abstracts\\\/\",\"url\":\"https:\\\/\\\/ths.or.tz\\\/publication-of-ths-2023-abstracts\\\/\",\"name\":\"Publication of THS 2023 Abstracts - Ths\",\"isPartOf\":{\"@id\":\"https:\\\/\\\/ths.or.tz\\\/#website\"},\"primaryImageOfPage\":{\"@id\":\"https:\\\/\\\/ths.or.tz\\\/publication-of-ths-2023-abstracts\\\/#primaryimage\"},\"image\":{\"@id\":\"https:\\\/\\\/ths.or.tz\\\/publication-of-ths-2023-abstracts\\\/#primaryimage\"},\"thumbnailUrl\":\"https:\\\/\\\/ths.or.tz\\\/wp-content\\\/uploads\\\/2024\\\/09\\\/AV8D9627-1024x683.jpg\",\"datePublished\":\"2024-09-05T07:16:43+00:00\",\"dateModified\":\"2024-09-05T07:17:02+00:00\",\"breadcrumb\":{\"@id\":\"https:\\\/\\\/ths.or.tz\\\/publication-of-ths-2023-abstracts\\\/#breadcrumb\"},\"inLanguage\":\"fr-FR\",\"potentialAction\":[{\"@type\":\"ReadAction\",\"target\":[\"https:\\\/\\\/ths.or.tz\\\/publication-of-ths-2023-abstracts\\\/\"]}]},{\"@type\":\"ImageObject\",\"inLanguage\":\"fr-FR\",\"@id\":\"https:\\\/\\\/ths.or.tz\\\/publication-of-ths-2023-abstracts\\\/#primaryimage\",\"url\":\"https:\\\/\\\/ths.or.tz\\\/wp-content\\\/uploads\\\/2024\\\/09\\\/AV8D9627-1024x683.jpg\",\"contentUrl\":\"https:\\\/\\\/ths.or.tz\\\/wp-content\\\/uploads\\\/2024\\\/09\\\/AV8D9627-1024x683.jpg\"},{\"@type\":\"BreadcrumbList\",\"@id\":\"https:\\\/\\\/ths.or.tz\\\/publication-of-ths-2023-abstracts\\\/#breadcrumb\",\"itemListElement\":[{\"@type\":\"ListItem\",\"position\":1,\"name\":\"Home\",\"item\":\"https:\\\/\\\/ths.or.tz\\\/\"},{\"@type\":\"ListItem\",\"position\":2,\"name\":\"Publication of THS 2023 Abstracts\"}]},{\"@type\":\"WebSite\",\"@id\":\"https:\\\/\\\/ths.or.tz\\\/#website\",\"url\":\"https:\\\/\\\/ths.or.tz\\\/\",\"name\":\"Ths\",\"description\":\"Improve social accountability for better health sector governance\",\"publisher\":{\"@id\":\"https:\\\/\\\/ths.or.tz\\\/#organization\"},\"potentialAction\":[{\"@type\":\"SearchAction\",\"target\":{\"@type\":\"EntryPoint\",\"urlTemplate\":\"https:\\\/\\\/ths.or.tz\\\/?s={search_term_string}\"},\"query-input\":{\"@type\":\"PropertyValueSpecification\",\"valueRequired\":true,\"valueName\":\"search_term_string\"}}],\"inLanguage\":\"fr-FR\"},{\"@type\":\"Organization\",\"@id\":\"https:\\\/\\\/ths.or.tz\\\/#organization\",\"name\":\"Ths\",\"url\":\"https:\\\/\\\/ths.or.tz\\\/\",\"logo\":{\"@type\":\"ImageObject\",\"inLanguage\":\"fr-FR\",\"@id\":\"https:\\\/\\\/ths.or.tz\\\/#\\\/schema\\\/logo\\\/image\\\/\",\"url\":\"https:\\\/\\\/i0.wp.com\\\/ths.or.tz\\\/wp-content\\\/uploads\\\/2022\\\/02\\\/ths-transparent.png?fit=500%2C500&ssl=1\",\"contentUrl\":\"https:\\\/\\\/i0.wp.com\\\/ths.or.tz\\\/wp-content\\\/uploads\\\/2022\\\/02\\\/ths-transparent.png?fit=500%2C500&ssl=1\",\"width\":500,\"height\":500,\"caption\":\"Ths\"},\"image\":{\"@id\":\"https:\\\/\\\/ths.or.tz\\\/#\\\/schema\\\/logo\\\/image\\\/\"}}]}<\/script>\n<!-- \/ Yoast SEO plugin. -->","yoast_head_json":{"title":"Publication of THS 2023 Abstracts - Ths","robots":{"index":"index","follow":"follow","max-snippet":"max-snippet:-1","max-image-preview":"max-image-preview:large","max-video-preview":"max-video-preview:-1"},"canonical":"https:\/\/ths.or.tz\/fr\/publication-of-ths-2023-abstracts\/","og_locale":"fr_FR","og_type":"article","og_title":"Publication of THS 2023 Abstracts - Ths","og_description":"Our Stories Abstracts Presented During THS2023 Gain Global Recognition In BMC Proceedings Best Abstract presenters receiving Award during THS2023 PHOTO CREDIT | THS 4th September 2024 | Scientific Communication Over 200 researchers who presented their work at the 10th Tanzania Health Summit (THS) in 2023 have got their abstracts published in the prestigious BMC Proceedings [&hellip;]","og_url":"https:\/\/ths.or.tz\/fr\/publication-of-ths-2023-abstracts\/","og_site_name":"Ths","article_modified_time":"2024-09-05T07:17:02+00:00","og_image":[{"url":"https:\/\/ths.or.tz\/wp-content\/uploads\/2024\/09\/AV8D9627-1024x683.jpg","type":"","width":"","height":""}],"twitter_card":"summary_large_image","twitter_misc":{"Dur\u00e9e de lecture estim\u00e9e":"2 minutes"},"schema":{"@context":"https:\/\/schema.org","@graph":[{"@type":"WebPage","@id":"https:\/\/ths.or.tz\/publication-of-ths-2023-abstracts\/","url":"https:\/\/ths.or.tz\/publication-of-ths-2023-abstracts\/","name":"Publication of THS 2023 Abstracts - Ths","isPartOf":{"@id":"https:\/\/ths.or.tz\/#website"},"primaryImageOfPage":{"@id":"https:\/\/ths.or.tz\/publication-of-ths-2023-abstracts\/#primaryimage"},"image":{"@id":"https:\/\/ths.or.tz\/publication-of-ths-2023-abstracts\/#primaryimage"},"thumbnailUrl":"https:\/\/ths.or.tz\/wp-content\/uploads\/2024\/09\/AV8D9627-1024x683.jpg","datePublished":"2024-09-05T07:16:43+00:00","dateModified":"2024-09-05T07:17:02+00:00","breadcrumb":{"@id":"https:\/\/ths.or.tz\/publication-of-ths-2023-abstracts\/#breadcrumb"},"inLanguage":"fr-FR","potentialAction":[{"@type":"ReadAction","target":["https:\/\/ths.or.tz\/publication-of-ths-2023-abstracts\/"]}]},{"@type":"ImageObject","inLanguage":"fr-FR","@id":"https:\/\/ths.or.tz\/publication-of-ths-2023-abstracts\/#primaryimage","url":"https:\/\/ths.or.tz\/wp-content\/uploads\/2024\/09\/AV8D9627-1024x683.jpg","contentUrl":"https:\/\/ths.or.tz\/wp-content\/uploads\/2024\/09\/AV8D9627-1024x683.jpg"},{"@type":"BreadcrumbList","@id":"https:\/\/ths.or.tz\/publication-of-ths-2023-abstracts\/#breadcrumb","itemListElement":[{"@type":"ListItem","position":1,"name":"Home","item":"https:\/\/ths.or.tz\/"},{"@type":"ListItem","position":2,"name":"Publication of THS 2023 Abstracts"}]},{"@type":"WebSite","@id":"https:\/\/ths.or.tz\/#website","url":"https:\/\/ths.or.tz\/","name":"Ths","description":"Am\u00e9liorer la responsabilit\u00e9 sociale pour une meilleure gouvernance du secteur de la sant\u00e9","publisher":{"@id":"https:\/\/ths.or.tz\/#organization"},"potentialAction":[{"@type":"SearchAction","target":{"@type":"EntryPoint","urlTemplate":"https:\/\/ths.or.tz\/?s={search_term_string}"},"query-input":{"@type":"PropertyValueSpecification","valueRequired":true,"valueName":"search_term_string"}}],"inLanguage":"fr-FR"},{"@type":"Organization","@id":"https:\/\/ths.or.tz\/#organization","name":"Ths","url":"https:\/\/ths.or.tz\/","logo":{"@type":"ImageObject","inLanguage":"fr-FR","@id":"https:\/\/ths.or.tz\/#\/schema\/logo\/image\/","url":"https:\/\/i0.wp.com\/ths.or.tz\/wp-content\/uploads\/2022\/02\/ths-transparent.png?fit=500%2C500&ssl=1","contentUrl":"https:\/\/i0.wp.com\/ths.or.tz\/wp-content\/uploads\/2022\/02\/ths-transparent.png?fit=500%2C500&ssl=1","width":500,"height":500,"caption":"Ths"},"image":{"@id":"https:\/\/ths.or.tz\/#\/schema\/logo\/image\/"}}]}},"uagb_featured_image_src":{"full":false,"thumbnail":false,"medium":false,"medium_large":false,"large":false,"1536x1536":false,"2048x2048":false,"trp-custom-language-flag":false,"mailpoet_newsletter_max":false,"woocommerce_thumbnail":false,"woocommerce_single":false,"woocommerce_gallery_thumbnail":false},"uagb_author_info":{"display_name":"admin","author_link":"https:\/\/ths.or.tz\/fr\/author\/admin\/"},"uagb_comment_info":0,"uagb_excerpt":"Our Stories Abstracts Presented During THS2023 Gain Global Recognition In BMC Proceedings Best Abstract presenters receiving Award during THS2023 PHOTO CREDIT | THS 4th September 2024 | Scientific Communication Over 200 researchers who presented their work at the 10th Tanzania Health Summit (THS) in 2023 have got their abstracts published in the prestigious BMC Proceedings\u2026","jetpack_sharing_enabled":true,"_links":{"self":[{"href":"https:\/\/ths.or.tz\/fr\/wp-json\/wp\/v2\/pages\/10241","targetHints":{"allow":["GET"]}}],"collection":[{"href":"https:\/\/ths.or.tz\/fr\/wp-json\/wp\/v2\/pages"}],"about":[{"href":"https:\/\/ths.or.tz\/fr\/wp-json\/wp\/v2\/types\/page"}],"author":[{"embeddable":true,"href":"https:\/\/ths.or.tz\/fr\/wp-json\/wp\/v2\/users\/1"}],"replies":[{"embeddable":true,"href":"https:\/\/ths.or.tz\/fr\/wp-json\/wp\/v2\/comments?post=10241"}],"version-history":[{"count":5,"href":"https:\/\/ths.or.tz\/fr\/wp-json\/wp\/v2\/pages\/10241\/revisions"}],"predecessor-version":[{"id":10249,"href":"https:\/\/ths.or.tz\/fr\/wp-json\/wp\/v2\/pages\/10241\/revisions\/10249"}],"wp:attachment":[{"href":"https:\/\/ths.or.tz\/fr\/wp-json\/wp\/v2\/media?parent=10241"}],"curies":[{"name":"wp","href":"https:\/\/api.w.org\/{rel}","templated":true}]}}