{"id":9084,"date":"2023-10-28T08:22:17","date_gmt":"2023-10-28T05:22:17","guid":{"rendered":"https:\/\/ths.or.tz\/?page_id=9084"},"modified":"2023-10-28T08:32:50","modified_gmt":"2023-10-28T05:32:50","slug":"exclusive-interview-with-us-ambassador","status":"publish","type":"page","link":"https:\/\/ths.or.tz\/es\/exclusive-interview-with-us-ambassador\/","title":{"rendered":"ENTREVISTA EXCLUSIVA con el Embajador de Estados Unidos en Tanzania, Dr. Michael A. Battle."},"content":{"rendered":"<div data-elementor-type=\"wp-page\" data-elementor-id=\"9084\" class=\"elementor elementor-9084\" data-elementor-post-type=\"page\">\n\t\t\t\t\t\t<section class=\"elementor-section elementor-top-section elementor-element elementor-element-9ade28b elementor-section-full_width elementor-section-height-min-height elementor-section-items-stretch elementor-section-content-middle elementor-section-height-default\" data-id=\"9ade28b\" data-element_type=\"section\" data-e-type=\"section\" data-settings=\"{&quot;background_background&quot;:&quot;classic&quot;}\">\n\t\t\t\t\t\t\t<div class=\"elementor-background-overlay\"><\/div>\n\t\t\t\t\t\t\t<div class=\"elementor-container elementor-column-gap-no\">\n\t\t\t\t\t<div class=\"elementor-column elementor-col-100 elementor-top-column elementor-element elementor-element-cc979b6\" data-id=\"cc979b6\" data-element_type=\"column\" data-e-type=\"column\">\n\t\t\t<div class=\"elementor-widget-wrap elementor-element-populated\">\n\t\t\t\t\t\t<section class=\"elementor-section elementor-inner-section elementor-element elementor-element-96159fc elementor-section-boxed elementor-section-height-default elementor-section-height-default\" data-id=\"96159fc\" data-element_type=\"section\" data-e-type=\"section\">\n\t\t\t\t\t\t<div class=\"elementor-container elementor-column-gap-no\">\n\t\t\t\t\t<div class=\"elementor-column elementor-col-100 elementor-inner-column elementor-element elementor-element-fdc2b85\" data-id=\"fdc2b85\" data-element_type=\"column\" data-e-type=\"column\">\n\t\t\t<div class=\"elementor-widget-wrap elementor-element-populated\">\n\t\t\t\t\t\t<div class=\"elementor-element elementor-element-81bdf65 elementor-invisible elementor-widget elementor-widget-heading\" data-id=\"81bdf65\" data-element_type=\"widget\" data-e-type=\"widget\" data-settings=\"{&quot;_animation&quot;:&quot;fadeIn&quot;,&quot;_animation_delay&quot;:400}\" data-widget_type=\"heading.default\">\n\t\t\t\t<div class=\"elementor-widget-container\">\n\t\t\t\t\t<h3 class=\"elementor-heading-title elementor-size-default\">Nuestras historias<\/h3>\t\t\t\t<\/div>\n\t\t\t\t<\/div>\n\t\t\t\t\t<\/div>\n\t\t<\/div>\n\t\t\t\t\t<\/div>\n\t\t<\/section>\n\t\t\t\t\t<\/div>\n\t\t<\/div>\n\t\t\t\t\t<\/div>\n\t\t<\/section>\n\t\t\t\t<section class=\"elementor-section elementor-top-section elementor-element elementor-element-ad47c8d elementor-section-boxed elementor-section-height-default elementor-section-height-default\" data-id=\"ad47c8d\" data-element_type=\"section\" data-e-type=\"section\">\n\t\t\t\t\t\t<div class=\"elementor-container elementor-column-gap-default\">\n\t\t\t\t\t<div class=\"elementor-column elementor-col-100 elementor-top-column elementor-element elementor-element-1b4cd18\" data-id=\"1b4cd18\" data-element_type=\"column\" data-e-type=\"column\">\n\t\t\t<div class=\"elementor-widget-wrap elementor-element-populated\">\n\t\t\t\t\t\t<div class=\"elementor-element elementor-element-5377538 elementor-widget elementor-widget-heading\" data-id=\"5377538\" data-element_type=\"widget\" data-e-type=\"widget\" data-widget_type=\"heading.default\">\n\t\t\t\t<div class=\"elementor-widget-container\">\n\t\t\t\t\t<h3 class=\"elementor-heading-title elementor-size-default\">ENTREVISTA EXCLUSIVA con el Embajador de Estados Unidos en Tanzania, Dr. Michael A. Battle. <\/h3>\t\t\t\t<\/div>\n\t\t\t\t<\/div>\n\t\t\t\t<section class=\"elementor-section elementor-inner-section elementor-element elementor-element-1a6671c elementor-section-boxed elementor-section-height-default elementor-section-height-default\" data-id=\"1a6671c\" data-element_type=\"section\" data-e-type=\"section\">\n\t\t\t\t\t\t<div class=\"elementor-container elementor-column-gap-default\">\n\t\t\t\t\t<div class=\"elementor-column elementor-col-33 elementor-inner-column elementor-element elementor-element-f474af6\" data-id=\"f474af6\" data-element_type=\"column\" data-e-type=\"column\">\n\t\t\t<div class=\"elementor-widget-wrap\">\n\t\t\t\t\t\t\t<\/div>\n\t\t<\/div>\n\t\t\t\t<div class=\"elementor-column elementor-col-33 elementor-inner-column elementor-element elementor-element-7eea06b\" data-id=\"7eea06b\" data-element_type=\"column\" data-e-type=\"column\">\n\t\t\t<div class=\"elementor-widget-wrap elementor-element-populated\">\n\t\t\t\t\t\t<div class=\"elementor-element elementor-element-2b0f4713 elementor-widget__width-initial elementor-widget elementor-widget-image\" data-id=\"2b0f4713\" data-element_type=\"widget\" data-e-type=\"widget\" data-widget_type=\"image.default\">\n\t\t\t\t<div class=\"elementor-widget-container\">\n\t\t\t\t\t\t\t\t\t\t\t\t<figure class=\"wp-caption\">\n\t\t\t\t\t\t\t\t\t\t<img fetchpriority=\"high\" decoding=\"async\" width=\"1024\" height=\"597\" src=\"https:\/\/i0.wp.com\/ths.or.tz\/wp-content\/uploads\/2023\/10\/Interview.jpeg?fit=1024%2C597&amp;ssl=1\" class=\"attachment-large size-large wp-image-9085\" alt=\"\" srcset=\"https:\/\/i0.wp.com\/ths.or.tz\/wp-content\/uploads\/2023\/10\/Interview.jpeg?w=1280&amp;ssl=1 1280w, https:\/\/i0.wp.com\/ths.or.tz\/wp-content\/uploads\/2023\/10\/Interview.jpeg?resize=300%2C175&amp;ssl=1 300w, https:\/\/i0.wp.com\/ths.or.tz\/wp-content\/uploads\/2023\/10\/Interview.jpeg?resize=1024%2C597&amp;ssl=1 1024w, https:\/\/i0.wp.com\/ths.or.tz\/wp-content\/uploads\/2023\/10\/Interview.jpeg?resize=768%2C448&amp;ssl=1 768w, https:\/\/i0.wp.com\/ths.or.tz\/wp-content\/uploads\/2023\/10\/Interview.jpeg?resize=600%2C350&amp;ssl=1 600w\" sizes=\"(max-width: 1024px) 100vw, 1024px\" \/>\t\t\t\t\t\t\t\t\t\t\t<figcaption class=\"widget-image-caption wp-caption-text\">El Embajador de EE.UU. en Tanzania, Dr. Michael A. Battle, conversa con el Presidente de THS, Dr. Omary Chillo, tras THS 2023<\/figcaption>\n\t\t\t\t\t\t\t\t\t\t<\/figure>\n\t\t\t\t\t\t\t\t\t<\/div>\n\t\t\t\t<\/div>\n\t\t\t\t\t<\/div>\n\t\t<\/div>\n\t\t\t\t<div class=\"elementor-column elementor-col-33 elementor-inner-column elementor-element elementor-element-6b5e9e8\" data-id=\"6b5e9e8\" data-element_type=\"column\" data-e-type=\"column\">\n\t\t\t<div class=\"elementor-widget-wrap\">\n\t\t\t\t\t\t\t<\/div>\n\t\t<\/div>\n\t\t\t\t\t<\/div>\n\t\t<\/section>\n\t\t\t\t\t<\/div>\n\t\t<\/div>\n\t\t\t\t\t<\/div>\n\t\t<\/section>\n\t\t\t\t<section class=\"elementor-section elementor-top-section elementor-element elementor-element-58489e28 elementor-section-content-middle elementor-section-boxed elementor-section-height-default elementor-section-height-default\" data-id=\"58489e28\" data-element_type=\"section\" data-e-type=\"section\" data-settings=\"{&quot;background_background&quot;:&quot;classic&quot;}\">\n\t\t\t\t\t\t\t<div class=\"elementor-background-overlay\"><\/div>\n\t\t\t\t\t\t\t<div class=\"elementor-container elementor-column-gap-custom\">\n\t\t\t\t\t<div class=\"elementor-column elementor-col-100 elementor-top-column elementor-element elementor-element-5c978b86\" data-id=\"5c978b86\" data-element_type=\"column\" data-e-type=\"column\">\n\t\t\t<div class=\"elementor-widget-wrap elementor-element-populated\">\n\t\t\t\t\t\t<div class=\"elementor-element elementor-element-dd6ffad elementor-widget elementor-widget-heading\" data-id=\"dd6ffad\" data-element_type=\"widget\" data-e-type=\"widget\" data-widget_type=\"heading.default\">\n\t\t\t\t<div class=\"elementor-widget-container\">\n\t\t\t\t\t<h5 class=\"elementor-heading-title elementor-size-medium\"><span><span style=\"font-family: 'Times New Roman', serif;color: #4d4d4d;background-image: initial;background-position: initial;background-size: initial;background-repeat: initial;background-attachment: initial\">28<sup>th<\/sup> Octubre de 2023<\/span><\/span><span><span style=\"font-family: 'Times New Roman', serif;color: #4d4d4d;background-image: initial;background-position: initial;background-size: initial;background-repeat: initial;background-attachment: initial\"> | <\/span><\/span><span><span style=\"font-family: 'Times New Roman', serif;color: #0070c0;background-image: initial;background-position: initial;background-size: initial;background-repeat: initial;background-attachment: initial\">Liderazgo<\/span><\/span><\/h5>\t\t\t\t<\/div>\n\t\t\t\t<\/div>\n\t\t\t\t<div class=\"elementor-element elementor-element-0dea034 elementor-widget elementor-widget-text-editor\" data-id=\"0dea034\" data-element_type=\"widget\" data-e-type=\"widget\" data-widget_type=\"text-editor.default\">\n\t\t\t\t<div class=\"elementor-widget-container\">\n\t\t\t\t\t\t\t\t\t<p><strong>T<\/strong><b>su entrevista exclusiva en la que el Dr. Battle habla con el Dr. Omary Chillo, Presidente de la Cumbre de la Salud de Tanzania; y la discusi\u00f3n se centra en la sostenibilidad de los programas del PEPFAR y en c\u00f3mo la Cumbre de la Salud de Tanzania, como plataforma sanitaria nacional, contribuir\u00eda a este objetivo.<\/b><\/p>\t\t\t\t\t\t\t\t<\/div>\n\t\t\t\t<\/div>\n\t\t\t\t<section class=\"elementor-section elementor-inner-section elementor-element elementor-element-c7fdee0 elementor-section-boxed elementor-section-height-default elementor-section-height-default\" data-id=\"c7fdee0\" data-element_type=\"section\" data-e-type=\"section\">\n\t\t\t\t\t\t<div class=\"elementor-container elementor-column-gap-default\">\n\t\t\t\t\t<div class=\"elementor-column elementor-col-33 elementor-inner-column elementor-element elementor-element-cd05547\" data-id=\"cd05547\" data-element_type=\"column\" data-e-type=\"column\">\n\t\t\t<div class=\"elementor-widget-wrap\">\n\t\t\t\t\t\t\t<\/div>\n\t\t<\/div>\n\t\t\t\t<div class=\"elementor-column elementor-col-33 elementor-inner-column elementor-element elementor-element-073ed62\" data-id=\"073ed62\" data-element_type=\"column\" data-e-type=\"column\">\n\t\t\t<div class=\"elementor-widget-wrap elementor-element-populated\">\n\t\t\t\t\t\t<div class=\"elementor-element elementor-element-aef303d elementor-widget elementor-widget-video\" data-id=\"aef303d\" data-element_type=\"widget\" data-e-type=\"widget\" data-settings=\"{&quot;youtube_url&quot;:&quot;https:\\\/\\\/youtu.be\\\/Xvh-3-4GfKo&quot;,&quot;video_type&quot;:&quot;youtube&quot;,&quot;controls&quot;:&quot;yes&quot;}\" data-widget_type=\"video.default\">\n\t\t\t\t<div class=\"elementor-widget-container\">\n\t\t\t\t\t\t\t<div class=\"elementor-wrapper elementor-open-inline\">\n\t\t\t<div class=\"elementor-video\"><\/div>\t\t<\/div>\n\t\t\t\t\t\t<\/div>\n\t\t\t\t<\/div>\n\t\t\t\t\t<\/div>\n\t\t<\/div>\n\t\t\t\t<div class=\"elementor-column elementor-col-33 elementor-inner-column elementor-element elementor-element-e4606ba\" data-id=\"e4606ba\" data-element_type=\"column\" data-e-type=\"column\">\n\t\t\t<div class=\"elementor-widget-wrap\">\n\t\t\t\t\t\t\t<\/div>\n\t\t<\/div>\n\t\t\t\t\t<\/div>\n\t\t<\/section>\n\t\t\t\t<div class=\"elementor-element elementor-element-b2930b8 elementor-widget elementor-widget-text-editor\" data-id=\"b2930b8\" data-element_type=\"widget\" data-e-type=\"widget\" data-widget_type=\"text-editor.default\">\n\t\t\t\t<div class=\"elementor-widget-container\">\n\t\t\t\t\t\t\t\t\t<p>Acerca de PEPFAR y THS<br \/>- El programa PEPFAR es una iniciativa del gobierno estadounidense que proporciona servicios de tratamiento y prevenci\u00f3n del VIH\/SIDA que salvan vidas a personas de todo el mundo.<br \/>- La Cumbre de la Salud de Tanzania es una plataforma sanitaria nacional que re\u00fane a las partes interesadas del gobierno, la sociedad civil y el sector privado para debatir y abordar los retos sanitarios m\u00e1s acuciantes del pa\u00eds.<br \/>- La entrevista con el Embajador Battle y el Dr. Chillo forma parte de los esfuerzos continuos de la Cumbre de la Salud de Tanzania para promover el di\u00e1logo y la colaboraci\u00f3n sobre la sostenibilidad de los programas del PEPFAR en Tanzania.<\/p>\t\t\t\t\t\t\t\t<\/div>\n\t\t\t\t<\/div>\n\t\t\t\t\t<\/div>\n\t\t<\/div>\n\t\t\t\t\t<\/div>\n\t\t<\/section>\n\t\t\t\t<\/div>","protected":false},"excerpt":{"rendered":"<p>Our Stories EXCLUSIVE INTERVIEW with US Ambassador to Tanzania Dr. Michael A. Battle. US Ambassador to Tanzania Dr. Michael A. Battle have a discussion with THS President Dr. Omary Chillo after THS 2023 28th October 2023 | Leadership This exclusive interview where Dr. Battle speaks to Dr. Omary Chillo, the President\u00a0 of Tanzania Health Summit; [&hellip;]<\/p>\n","protected":false},"author":1,"featured_media":0,"parent":0,"menu_order":0,"comment_status":"closed","ping_status":"closed","template":"","meta":{"nf_dc_page":"","om_disable_all_campaigns":false,"_uag_custom_page_level_css":"","_monsterinsights_skip_tracking":false,"_monsterinsights_sitenote_active":false,"_monsterinsights_sitenote_note":"","_monsterinsights_sitenote_category":0,"_uf_show_specific_survey":0,"_uf_disable_surveys":false,"site-sidebar-layout":"no-sidebar","site-content-layout":"page-builder","ast-site-content-layout":"full-width-container","site-content-style":"unboxed","site-sidebar-style":"unboxed","ast-global-header-display":"","ast-banner-title-visibility":"","ast-main-header-display":"","ast-hfb-above-header-display":"","ast-hfb-below-header-display":"","ast-hfb-mobile-header-display":"","site-post-title":"disabled","ast-breadcrumbs-content":"","ast-featured-img":"disabled","footer-sml-layout":"","ast-disable-related-posts":"","theme-transparent-header-meta":"enabled","adv-header-id-meta":"","stick-header-meta":"","header-above-stick-meta":"","header-main-stick-meta":"","header-below-stick-meta":"","astra-migrate-meta-layouts":"set","ast-page-background-enabled":"default","ast-page-background-meta":{"desktop":{"background-color":"","background-image":"","background-repeat":"repeat","background-position":"center center","background-size":"auto","background-attachment":"scroll","background-type":"","background-media":"","overlay-type":"","overlay-color":"","overlay-opacity":"","overlay-gradient":""},"tablet":{"background-color":"","background-image":"","background-repeat":"repeat","background-position":"center center","background-size":"auto","background-attachment":"scroll","background-type":"","background-media":"","overlay-type":"","overlay-color":"","overlay-opacity":"","overlay-gradient":""},"mobile":{"background-color":"","background-image":"","background-repeat":"repeat","background-position":"center center","background-size":"auto","background-attachment":"scroll","background-type":"","background-media":"","overlay-type":"","overlay-color":"","overlay-opacity":"","overlay-gradient":""}},"ast-content-background-meta":{"desktop":{"background-color":"var(--ast-global-color-5)","background-image":"","background-repeat":"repeat","background-position":"center center","background-size":"auto","background-attachment":"scroll","background-type":"","background-media":"","overlay-type":"","overlay-color":"","overlay-opacity":"","overlay-gradient":""},"tablet":{"background-color":"var(--ast-global-color-5)","background-image":"","background-repeat":"repeat","background-position":"center center","background-size":"auto","background-attachment":"scroll","background-type":"","background-media":"","overlay-type":"","overlay-color":"","overlay-opacity":"","overlay-gradient":""},"mobile":{"background-color":"var(--ast-global-color-5)","background-image":"","background-repeat":"repeat","background-position":"center center","background-size":"auto","background-attachment":"scroll","background-type":"","background-media":"","overlay-type":"","overlay-color":"","overlay-opacity":"","overlay-gradient":""}},"footnotes":""},"class_list":["post-9084","page","type-page","status-publish","hentry"],"aioseo_notices":[],"yoast_head":"<!-- This site is optimized with the Yoast SEO plugin v27.4 - https:\/\/yoast.com\/product\/yoast-seo-wordpress\/ -->\n<title>EXCLUSIVE INTERVIEW with US Ambassador to Tanzania Dr. Michael A. Battle. - Ths<\/title>\n<meta name=\"robots\" content=\"index, follow, max-snippet:-1, max-image-preview:large, max-video-preview:-1\" \/>\n<link rel=\"canonical\" href=\"https:\/\/ths.or.tz\/es\/exclusive-interview-with-us-ambassador\/\" \/>\n<meta property=\"og:locale\" content=\"es_ES\" \/>\n<meta property=\"og:type\" content=\"article\" \/>\n<meta property=\"og:title\" content=\"EXCLUSIVE INTERVIEW with US Ambassador to Tanzania Dr. Michael A. Battle. - Ths\" \/>\n<meta property=\"og:description\" content=\"Our Stories EXCLUSIVE INTERVIEW with US Ambassador to Tanzania Dr. Michael A. Battle. US Ambassador to Tanzania Dr. Michael A. Battle have a discussion with THS President Dr. Omary Chillo after THS 2023 28th October 2023 | Leadership This exclusive interview where Dr. Battle speaks to Dr. Omary Chillo, the President\u00a0 of Tanzania Health Summit; [&hellip;]\" \/>\n<meta property=\"og:url\" content=\"https:\/\/ths.or.tz\/es\/exclusive-interview-with-us-ambassador\/\" \/>\n<meta property=\"og:site_name\" content=\"Ths\" \/>\n<meta property=\"article:modified_time\" content=\"2023-10-28T05:32:50+00:00\" \/>\n<meta property=\"og:image\" content=\"https:\/\/ths.or.tz\/wp-content\/uploads\/2023\/10\/Interview-1024x597.jpeg\" \/>\n<meta name=\"twitter:card\" content=\"summary_large_image\" \/>\n<meta name=\"twitter:label1\" content=\"Tiempo de lectura\" \/>\n\t<meta name=\"twitter:data1\" content=\"1 minuto\" \/>\n<script type=\"application\/ld+json\" class=\"yoast-schema-graph\">{\"@context\":\"https:\\\/\\\/schema.org\",\"@graph\":[{\"@type\":\"WebPage\",\"@id\":\"https:\\\/\\\/ths.or.tz\\\/exclusive-interview-with-us-ambassador\\\/\",\"url\":\"https:\\\/\\\/ths.or.tz\\\/exclusive-interview-with-us-ambassador\\\/\",\"name\":\"EXCLUSIVE INTERVIEW with US Ambassador to Tanzania Dr. Michael A. Battle. - Ths\",\"isPartOf\":{\"@id\":\"https:\\\/\\\/ths.or.tz\\\/#website\"},\"primaryImageOfPage\":{\"@id\":\"https:\\\/\\\/ths.or.tz\\\/exclusive-interview-with-us-ambassador\\\/#primaryimage\"},\"image\":{\"@id\":\"https:\\\/\\\/ths.or.tz\\\/exclusive-interview-with-us-ambassador\\\/#primaryimage\"},\"thumbnailUrl\":\"https:\\\/\\\/ths.or.tz\\\/wp-content\\\/uploads\\\/2023\\\/10\\\/Interview-1024x597.jpeg\",\"datePublished\":\"2023-10-28T05:22:17+00:00\",\"dateModified\":\"2023-10-28T05:32:50+00:00\",\"breadcrumb\":{\"@id\":\"https:\\\/\\\/ths.or.tz\\\/exclusive-interview-with-us-ambassador\\\/#breadcrumb\"},\"inLanguage\":\"es\",\"potentialAction\":[{\"@type\":\"ReadAction\",\"target\":[\"https:\\\/\\\/ths.or.tz\\\/exclusive-interview-with-us-ambassador\\\/\"]}]},{\"@type\":\"ImageObject\",\"inLanguage\":\"es\",\"@id\":\"https:\\\/\\\/ths.or.tz\\\/exclusive-interview-with-us-ambassador\\\/#primaryimage\",\"url\":\"https:\\\/\\\/ths.or.tz\\\/wp-content\\\/uploads\\\/2023\\\/10\\\/Interview-1024x597.jpeg\",\"contentUrl\":\"https:\\\/\\\/ths.or.tz\\\/wp-content\\\/uploads\\\/2023\\\/10\\\/Interview-1024x597.jpeg\"},{\"@type\":\"BreadcrumbList\",\"@id\":\"https:\\\/\\\/ths.or.tz\\\/exclusive-interview-with-us-ambassador\\\/#breadcrumb\",\"itemListElement\":[{\"@type\":\"ListItem\",\"position\":1,\"name\":\"Home\",\"item\":\"https:\\\/\\\/ths.or.tz\\\/\"},{\"@type\":\"ListItem\",\"position\":2,\"name\":\"EXCLUSIVE INTERVIEW with US Ambassador to Tanzania Dr. Michael A. Battle.\"}]},{\"@type\":\"WebSite\",\"@id\":\"https:\\\/\\\/ths.or.tz\\\/#website\",\"url\":\"https:\\\/\\\/ths.or.tz\\\/\",\"name\":\"Ths\",\"description\":\"Improve social accountability for better health sector governance\",\"publisher\":{\"@id\":\"https:\\\/\\\/ths.or.tz\\\/#organization\"},\"potentialAction\":[{\"@type\":\"SearchAction\",\"target\":{\"@type\":\"EntryPoint\",\"urlTemplate\":\"https:\\\/\\\/ths.or.tz\\\/?s={search_term_string}\"},\"query-input\":{\"@type\":\"PropertyValueSpecification\",\"valueRequired\":true,\"valueName\":\"search_term_string\"}}],\"inLanguage\":\"es\"},{\"@type\":\"Organization\",\"@id\":\"https:\\\/\\\/ths.or.tz\\\/#organization\",\"name\":\"Ths\",\"url\":\"https:\\\/\\\/ths.or.tz\\\/\",\"logo\":{\"@type\":\"ImageObject\",\"inLanguage\":\"es\",\"@id\":\"https:\\\/\\\/ths.or.tz\\\/#\\\/schema\\\/logo\\\/image\\\/\",\"url\":\"https:\\\/\\\/i0.wp.com\\\/ths.or.tz\\\/wp-content\\\/uploads\\\/2022\\\/02\\\/ths-transparent.png?fit=500%2C500&ssl=1\",\"contentUrl\":\"https:\\\/\\\/i0.wp.com\\\/ths.or.tz\\\/wp-content\\\/uploads\\\/2022\\\/02\\\/ths-transparent.png?fit=500%2C500&ssl=1\",\"width\":500,\"height\":500,\"caption\":\"Ths\"},\"image\":{\"@id\":\"https:\\\/\\\/ths.or.tz\\\/#\\\/schema\\\/logo\\\/image\\\/\"}}]}<\/script>\n<!-- \/ Yoast SEO plugin. -->","yoast_head_json":{"title":"EXCLUSIVE INTERVIEW with US Ambassador to Tanzania Dr. Michael A. Battle. - Ths","robots":{"index":"index","follow":"follow","max-snippet":"max-snippet:-1","max-image-preview":"max-image-preview:large","max-video-preview":"max-video-preview:-1"},"canonical":"https:\/\/ths.or.tz\/es\/exclusive-interview-with-us-ambassador\/","og_locale":"es_ES","og_type":"article","og_title":"EXCLUSIVE INTERVIEW with US Ambassador to Tanzania Dr. Michael A. Battle. - Ths","og_description":"Our Stories EXCLUSIVE INTERVIEW with US Ambassador to Tanzania Dr. Michael A. Battle. US Ambassador to Tanzania Dr. Michael A. Battle have a discussion with THS President Dr. Omary Chillo after THS 2023 28th October 2023 | Leadership This exclusive interview where Dr. Battle speaks to Dr. Omary Chillo, the President\u00a0 of Tanzania Health Summit; [&hellip;]","og_url":"https:\/\/ths.or.tz\/es\/exclusive-interview-with-us-ambassador\/","og_site_name":"Ths","article_modified_time":"2023-10-28T05:32:50+00:00","og_image":[{"url":"https:\/\/ths.or.tz\/wp-content\/uploads\/2023\/10\/Interview-1024x597.jpeg","type":"","width":"","height":""}],"twitter_card":"summary_large_image","twitter_misc":{"Tiempo de lectura":"1 minuto"},"schema":{"@context":"https:\/\/schema.org","@graph":[{"@type":"WebPage","@id":"https:\/\/ths.or.tz\/exclusive-interview-with-us-ambassador\/","url":"https:\/\/ths.or.tz\/exclusive-interview-with-us-ambassador\/","name":"EXCLUSIVE INTERVIEW with US Ambassador to Tanzania Dr. Michael A. Battle. - Ths","isPartOf":{"@id":"https:\/\/ths.or.tz\/#website"},"primaryImageOfPage":{"@id":"https:\/\/ths.or.tz\/exclusive-interview-with-us-ambassador\/#primaryimage"},"image":{"@id":"https:\/\/ths.or.tz\/exclusive-interview-with-us-ambassador\/#primaryimage"},"thumbnailUrl":"https:\/\/ths.or.tz\/wp-content\/uploads\/2023\/10\/Interview-1024x597.jpeg","datePublished":"2023-10-28T05:22:17+00:00","dateModified":"2023-10-28T05:32:50+00:00","breadcrumb":{"@id":"https:\/\/ths.or.tz\/exclusive-interview-with-us-ambassador\/#breadcrumb"},"inLanguage":"es","potentialAction":[{"@type":"ReadAction","target":["https:\/\/ths.or.tz\/exclusive-interview-with-us-ambassador\/"]}]},{"@type":"ImageObject","inLanguage":"es","@id":"https:\/\/ths.or.tz\/exclusive-interview-with-us-ambassador\/#primaryimage","url":"https:\/\/ths.or.tz\/wp-content\/uploads\/2023\/10\/Interview-1024x597.jpeg","contentUrl":"https:\/\/ths.or.tz\/wp-content\/uploads\/2023\/10\/Interview-1024x597.jpeg"},{"@type":"BreadcrumbList","@id":"https:\/\/ths.or.tz\/exclusive-interview-with-us-ambassador\/#breadcrumb","itemListElement":[{"@type":"ListItem","position":1,"name":"Home","item":"https:\/\/ths.or.tz\/"},{"@type":"ListItem","position":2,"name":"EXCLUSIVE INTERVIEW with US Ambassador to Tanzania Dr. Michael A. Battle."}]},{"@type":"WebSite","@id":"https:\/\/ths.or.tz\/#website","url":"https:\/\/ths.or.tz\/","name":"En","description":"Mejorar la responsabilidad social para una mejor gobernanza del sector sanitario","publisher":{"@id":"https:\/\/ths.or.tz\/#organization"},"potentialAction":[{"@type":"SearchAction","target":{"@type":"EntryPoint","urlTemplate":"https:\/\/ths.or.tz\/?s={search_term_string}"},"query-input":{"@type":"PropertyValueSpecification","valueRequired":true,"valueName":"search_term_string"}}],"inLanguage":"es"},{"@type":"Organization","@id":"https:\/\/ths.or.tz\/#organization","name":"En","url":"https:\/\/ths.or.tz\/","logo":{"@type":"ImageObject","inLanguage":"es","@id":"https:\/\/ths.or.tz\/#\/schema\/logo\/image\/","url":"https:\/\/i0.wp.com\/ths.or.tz\/wp-content\/uploads\/2022\/02\/ths-transparent.png?fit=500%2C500&ssl=1","contentUrl":"https:\/\/i0.wp.com\/ths.or.tz\/wp-content\/uploads\/2022\/02\/ths-transparent.png?fit=500%2C500&ssl=1","width":500,"height":500,"caption":"Ths"},"image":{"@id":"https:\/\/ths.or.tz\/#\/schema\/logo\/image\/"}}]}},"uagb_featured_image_src":{"full":false,"thumbnail":false,"medium":false,"medium_large":false,"large":false,"1536x1536":false,"2048x2048":false,"trp-custom-language-flag":false,"mailpoet_newsletter_max":false,"woocommerce_thumbnail":false,"woocommerce_single":false,"woocommerce_gallery_thumbnail":false},"uagb_author_info":{"display_name":"admin","author_link":"https:\/\/ths.or.tz\/es\/author\/admin\/"},"uagb_comment_info":0,"uagb_excerpt":"Our Stories EXCLUSIVE INTERVIEW with US Ambassador to Tanzania Dr. Michael A. Battle. US Ambassador to Tanzania Dr. Michael A. Battle have a discussion with THS President Dr. Omary Chillo after THS 2023 28th October 2023 | Leadership This exclusive interview where Dr. Battle speaks to Dr. Omary Chillo, the President\u00a0 of Tanzania Health Summit;&hellip;","jetpack_sharing_enabled":true,"_links":{"self":[{"href":"https:\/\/ths.or.tz\/es\/wp-json\/wp\/v2\/pages\/9084","targetHints":{"allow":["GET"]}}],"collection":[{"href":"https:\/\/ths.or.tz\/es\/wp-json\/wp\/v2\/pages"}],"about":[{"href":"https:\/\/ths.or.tz\/es\/wp-json\/wp\/v2\/types\/page"}],"author":[{"embeddable":true,"href":"https:\/\/ths.or.tz\/es\/wp-json\/wp\/v2\/users\/1"}],"replies":[{"embeddable":true,"href":"https:\/\/ths.or.tz\/es\/wp-json\/wp\/v2\/comments?post=9084"}],"version-history":[{"count":5,"href":"https:\/\/ths.or.tz\/es\/wp-json\/wp\/v2\/pages\/9084\/revisions"}],"predecessor-version":[{"id":9093,"href":"https:\/\/ths.or.tz\/es\/wp-json\/wp\/v2\/pages\/9084\/revisions\/9093"}],"wp:attachment":[{"href":"https:\/\/ths.or.tz\/es\/wp-json\/wp\/v2\/media?parent=9084"}],"curies":[{"name":"wp","href":"https:\/\/api.w.org\/{rel}","templated":true}]}}