{"id":10241,"date":"2024-09-05T10:16:43","date_gmt":"2024-09-05T07:16:43","guid":{"rendered":"https:\/\/ths.or.tz\/?page_id=10241"},"modified":"2024-09-05T10:17:02","modified_gmt":"2024-09-05T07:17:02","slug":"publication-of-ths-2023-abstracts","status":"publish","type":"page","link":"https:\/\/ths.or.tz\/es\/publication-of-ths-2023-abstracts\/","title":{"rendered":"Publication of THS 2023 Abstracts"},"content":{"rendered":"<div data-elementor-type=\"wp-page\" data-elementor-id=\"10241\" class=\"elementor elementor-10241\" data-elementor-post-type=\"page\">\n\t\t\t\t\t\t<section class=\"elementor-section elementor-top-section elementor-element elementor-element-9ade28b elementor-section-full_width elementor-section-height-min-height elementor-section-items-stretch elementor-section-content-middle elementor-section-height-default\" data-id=\"9ade28b\" data-element_type=\"section\" data-e-type=\"section\" data-settings=\"{&quot;background_background&quot;:&quot;classic&quot;}\">\n\t\t\t\t\t\t\t<div class=\"elementor-background-overlay\"><\/div>\n\t\t\t\t\t\t\t<div class=\"elementor-container elementor-column-gap-no\">\n\t\t\t\t\t<div class=\"elementor-column elementor-col-100 elementor-top-column elementor-element elementor-element-cc979b6\" data-id=\"cc979b6\" data-element_type=\"column\" data-e-type=\"column\">\n\t\t\t<div class=\"elementor-widget-wrap elementor-element-populated\">\n\t\t\t\t\t\t<section class=\"elementor-section elementor-inner-section elementor-element elementor-element-96159fc elementor-section-boxed elementor-section-height-default elementor-section-height-default\" data-id=\"96159fc\" data-element_type=\"section\" data-e-type=\"section\">\n\t\t\t\t\t\t<div class=\"elementor-container elementor-column-gap-no\">\n\t\t\t\t\t<div class=\"elementor-column elementor-col-100 elementor-inner-column elementor-element elementor-element-fdc2b85\" data-id=\"fdc2b85\" data-element_type=\"column\" data-e-type=\"column\">\n\t\t\t<div class=\"elementor-widget-wrap elementor-element-populated\">\n\t\t\t\t\t\t<div class=\"elementor-element elementor-element-81bdf65 elementor-invisible elementor-widget elementor-widget-heading\" data-id=\"81bdf65\" data-element_type=\"widget\" data-e-type=\"widget\" data-settings=\"{&quot;_animation&quot;:&quot;fadeIn&quot;,&quot;_animation_delay&quot;:400}\" data-widget_type=\"heading.default\">\n\t\t\t\t<div class=\"elementor-widget-container\">\n\t\t\t\t\t<h3 class=\"elementor-heading-title elementor-size-default\">Nuestras historias<\/h3>\t\t\t\t<\/div>\n\t\t\t\t<\/div>\n\t\t\t\t\t<\/div>\n\t\t<\/div>\n\t\t\t\t\t<\/div>\n\t\t<\/section>\n\t\t\t\t\t<\/div>\n\t\t<\/div>\n\t\t\t\t\t<\/div>\n\t\t<\/section>\n\t\t\t\t<section class=\"elementor-section elementor-top-section elementor-element elementor-element-ad47c8d elementor-section-boxed elementor-section-height-default elementor-section-height-default\" data-id=\"ad47c8d\" data-element_type=\"section\" data-e-type=\"section\">\n\t\t\t\t\t\t<div class=\"elementor-container elementor-column-gap-default\">\n\t\t\t\t\t<div class=\"elementor-column elementor-col-100 elementor-top-column elementor-element elementor-element-1b4cd18\" data-id=\"1b4cd18\" data-element_type=\"column\" data-e-type=\"column\">\n\t\t\t<div class=\"elementor-widget-wrap elementor-element-populated\">\n\t\t\t\t\t\t<div class=\"elementor-element elementor-element-5377538 elementor-widget elementor-widget-heading\" data-id=\"5377538\" data-element_type=\"widget\" data-e-type=\"widget\" data-widget_type=\"heading.default\">\n\t\t\t\t<div class=\"elementor-widget-container\">\n\t\t\t\t\t<h3 class=\"elementor-heading-title elementor-size-default\">Los res\u00famenes presentados durante THS2023 obtienen reconocimiento mundial en las actas de BMC<\/h3>\t\t\t\t<\/div>\n\t\t\t\t<\/div>\n\t\t\t\t<section class=\"elementor-section elementor-inner-section elementor-element elementor-element-1a6671c elementor-section-boxed elementor-section-height-default elementor-section-height-default\" data-id=\"1a6671c\" data-element_type=\"section\" data-e-type=\"section\">\n\t\t\t\t\t\t<div class=\"elementor-container elementor-column-gap-default\">\n\t\t\t\t\t<div class=\"elementor-column elementor-col-33 elementor-inner-column elementor-element elementor-element-f474af6\" data-id=\"f474af6\" data-element_type=\"column\" data-e-type=\"column\">\n\t\t\t<div class=\"elementor-widget-wrap\">\n\t\t\t\t\t\t\t<\/div>\n\t\t<\/div>\n\t\t\t\t<div class=\"elementor-column elementor-col-33 elementor-inner-column elementor-element elementor-element-7eea06b\" data-id=\"7eea06b\" data-element_type=\"column\" data-e-type=\"column\">\n\t\t\t<div class=\"elementor-widget-wrap elementor-element-populated\">\n\t\t\t\t\t\t<div class=\"elementor-element elementor-element-2b0f4713 elementor-widget__width-initial elementor-widget elementor-widget-image\" data-id=\"2b0f4713\" data-element_type=\"widget\" data-e-type=\"widget\" data-widget_type=\"image.default\">\n\t\t\t\t<div class=\"elementor-widget-container\">\n\t\t\t\t\t\t\t\t\t\t\t\t<figure class=\"wp-caption\">\n\t\t\t\t\t\t\t\t\t\t<img fetchpriority=\"high\" decoding=\"async\" width=\"1024\" height=\"683\" src=\"https:\/\/i0.wp.com\/ths.or.tz\/wp-content\/uploads\/2024\/09\/AV8D9627-scaled.jpg?fit=1024%2C683&amp;ssl=1\" class=\"attachment-large size-large wp-image-10242\" alt=\"\" srcset=\"https:\/\/i0.wp.com\/ths.or.tz\/wp-content\/uploads\/2024\/09\/AV8D9627-scaled.jpg?w=2560&amp;ssl=1 2560w, https:\/\/i0.wp.com\/ths.or.tz\/wp-content\/uploads\/2024\/09\/AV8D9627-scaled.jpg?resize=300%2C200&amp;ssl=1 300w, https:\/\/i0.wp.com\/ths.or.tz\/wp-content\/uploads\/2024\/09\/AV8D9627-scaled.jpg?resize=1024%2C683&amp;ssl=1 1024w, https:\/\/i0.wp.com\/ths.or.tz\/wp-content\/uploads\/2024\/09\/AV8D9627-scaled.jpg?resize=768%2C512&amp;ssl=1 768w, https:\/\/i0.wp.com\/ths.or.tz\/wp-content\/uploads\/2024\/09\/AV8D9627-scaled.jpg?resize=1536%2C1024&amp;ssl=1 1536w, https:\/\/i0.wp.com\/ths.or.tz\/wp-content\/uploads\/2024\/09\/AV8D9627-scaled.jpg?w=2400&amp;ssl=1 2400w\" sizes=\"(max-width: 1024px) 100vw, 1024px\" \/>\t\t\t\t\t\t\t\t\t\t\t<figcaption class=\"widget-image-caption wp-caption-text\">Presentaci\u00f3n de los mejores res\u00famenes durante THS2023 FOTO CR\u00c9DITO | THS<\/figcaption>\n\t\t\t\t\t\t\t\t\t\t<\/figure>\n\t\t\t\t\t\t\t\t\t<\/div>\n\t\t\t\t<\/div>\n\t\t\t\t\t<\/div>\n\t\t<\/div>\n\t\t\t\t<div class=\"elementor-column elementor-col-33 elementor-inner-column elementor-element elementor-element-6b5e9e8\" data-id=\"6b5e9e8\" data-element_type=\"column\" data-e-type=\"column\">\n\t\t\t<div class=\"elementor-widget-wrap\">\n\t\t\t\t\t\t\t<\/div>\n\t\t<\/div>\n\t\t\t\t\t<\/div>\n\t\t<\/section>\n\t\t\t\t\t<\/div>\n\t\t<\/div>\n\t\t\t\t\t<\/div>\n\t\t<\/section>\n\t\t\t\t<section class=\"elementor-section elementor-top-section elementor-element elementor-element-58489e28 elementor-section-content-middle elementor-section-boxed elementor-section-height-default elementor-section-height-default\" data-id=\"58489e28\" data-element_type=\"section\" data-e-type=\"section\" data-settings=\"{&quot;background_background&quot;:&quot;classic&quot;}\">\n\t\t\t\t\t\t\t<div class=\"elementor-background-overlay\"><\/div>\n\t\t\t\t\t\t\t<div class=\"elementor-container elementor-column-gap-custom\">\n\t\t\t\t\t<div class=\"elementor-column elementor-col-100 elementor-top-column elementor-element elementor-element-5c978b86\" data-id=\"5c978b86\" data-element_type=\"column\" data-e-type=\"column\">\n\t\t\t<div class=\"elementor-widget-wrap elementor-element-populated\">\n\t\t\t\t\t\t<div class=\"elementor-element elementor-element-dd6ffad elementor-widget elementor-widget-heading\" data-id=\"dd6ffad\" data-element_type=\"widget\" data-e-type=\"widget\" data-widget_type=\"heading.default\">\n\t\t\t\t<div class=\"elementor-widget-container\">\n\t\t\t\t\t<h5 class=\"elementor-heading-title elementor-size-medium\"><span><span style=\"font-family: 'Times New Roman', serif;color: #4d4d4d;background-image: initial;background-position: initial;background-size: initial;background-repeat: initial;background-attachment: initial\">4<sup>th<\/sup> Septiembre de 2024<\/span><\/span><span><span style=\"font-family: 'Times New Roman', serif;color: #4d4d4d;background-image: initial;background-position: initial;background-size: initial;background-repeat: initial;background-attachment: initial\"> | <\/span><\/span><span><span style=\"font-family: 'Times New Roman', serif;color: #0070c0;background-image: initial;background-position: initial;background-size: initial;background-repeat: initial;background-attachment: initial\">Comunicaci\u00f3n cient\u00edfica<\/span><\/span><\/h5>\t\t\t\t<\/div>\n\t\t\t\t<\/div>\n\t\t\t\t<div class=\"elementor-element elementor-element-b2930b8 elementor-widget elementor-widget-text-editor\" data-id=\"b2930b8\" data-element_type=\"widget\" data-e-type=\"widget\" data-widget_type=\"text-editor.default\">\n\t\t\t\t<div class=\"elementor-widget-container\">\n\t\t\t\t\t\t\t\t\t<p>M\u00e1s de 200 investigadores que presentaron sus trabajos en la 10\u00aa Cumbre de la Salud de Tanzania (THS) en 2023 han conseguido que sus res\u00famenes se publiquen en la prestigiosa <a href=\"https:\/\/www.springermedizin.de\/abstracts-of-the-10th-tanzania-health-summit\/27639316\"><em>Actas BMC<\/em><\/a> revista, logrando un hito importante en su proceso de difusi\u00f3n.<\/p><p>La publicaci\u00f3n de res\u00famenes en una revista cient\u00edfica es un paso crucial en la difusi\u00f3n de los resultados de la investigaci\u00f3n y el establecimiento de credibilidad dentro de la comunidad acad\u00e9mica a trav\u00e9s de cumbres cre\u00edbles, como la THS, dijo el Dr. Omary Chillo, Presidente de la Cumbre de la Salud de Tanzania.<\/p><p>Presentar un resumen durante la pr\u00f3xima cumbre, dice, \"significa llevar la ciencia a una escala global\".<\/p><p>El Dr. Chillo, que tambi\u00e9n es profesor de Fisiolog\u00eda en la Universidad de Salud y Ciencias Afines de Muhimbili (MUHAS), destac\u00f3 la importancia de esta iniciativa.<\/p><p>\"Publicar un resumen en una revista de renombre como BMC Proceedings valida la importancia cient\u00edfica del trabajo presentado y allana el camino para una difusi\u00f3n m\u00e1s amplia\", afirm\u00f3.<\/p><p>THIS apoya la publicaci\u00f3n de res\u00famenes en BMC Proceedings con el objetivo de proporcionar a los investigadores una plataforma para mostrar su trabajo y mejorar su visibilidad. Al citar sus res\u00famenes publicados en futuros trabajos de investigaci\u00f3n, los investigadores pueden reforzar sus credenciales acad\u00e9micas y contribuir al avance de su campo.<\/p><p>Los res\u00famenes se publicaron el 1 de septiembre de 2024 en BMC Proceedings, una revista que forma parte de Springer Nature. Esto brinda a los autores la oportunidad de conectar con comunidades de investigaci\u00f3n de todo el mundo y ampliar potencialmente sus colaboraciones.<\/p><p>Mientras el THS se prepara para su 11\u00aa edici\u00f3n, el Dr. Chillo se mostr\u00f3 optimista sobre el \u00e9xito continuado de la iniciativa. \"Ya hemos recibido m\u00e1s de 200 res\u00famenes para la cumbre de este a\u00f1o en Zanz\u00edbar, y prevemos a\u00fan m\u00e1s investigaciones revolucionarias\", afirm\u00f3.<\/p><p>M\u00e1s all\u00e1 de publicar sus res\u00famenes, significa que los investigadores tienen una opci\u00f3n viable de desarrollar un art\u00edculo completo y enviarlo a una revista de su elecci\u00f3n donde su trabajo pueda someterse a una revisi\u00f3n rigurosa.<\/p>\t\t\t\t\t\t\t\t<\/div>\n\t\t\t\t<\/div>\n\t\t\t\t\t<\/div>\n\t\t<\/div>\n\t\t\t\t\t<\/div>\n\t\t<\/section>\n\t\t\t\t<\/div>","protected":false},"excerpt":{"rendered":"<p>Our Stories Abstracts Presented During THS2023 Gain Global Recognition In BMC Proceedings Best Abstract presenters receiving Award during THS2023 PHOTO CREDIT | THS 4th September 2024 | Scientific Communication Over 200 researchers who presented their work at the 10th Tanzania Health Summit (THS) in 2023 have got their abstracts published in the prestigious BMC Proceedings [&hellip;]<\/p>\n","protected":false},"author":1,"featured_media":0,"parent":0,"menu_order":0,"comment_status":"closed","ping_status":"closed","template":"","meta":{"nf_dc_page":"","om_disable_all_campaigns":false,"_uag_custom_page_level_css":"","_monsterinsights_skip_tracking":false,"_monsterinsights_sitenote_active":false,"_monsterinsights_sitenote_note":"","_monsterinsights_sitenote_category":0,"_uf_show_specific_survey":0,"_uf_disable_surveys":false,"site-sidebar-layout":"no-sidebar","site-content-layout":"page-builder","ast-site-content-layout":"full-width-container","site-content-style":"unboxed","site-sidebar-style":"unboxed","ast-global-header-display":"","ast-banner-title-visibility":"","ast-main-header-display":"","ast-hfb-above-header-display":"","ast-hfb-below-header-display":"","ast-hfb-mobile-header-display":"","site-post-title":"disabled","ast-breadcrumbs-content":"","ast-featured-img":"disabled","footer-sml-layout":"","ast-disable-related-posts":"","theme-transparent-header-meta":"enabled","adv-header-id-meta":"","stick-header-meta":"","header-above-stick-meta":"","header-main-stick-meta":"","header-below-stick-meta":"","astra-migrate-meta-layouts":"set","ast-page-background-enabled":"default","ast-page-background-meta":{"desktop":{"background-color":"","background-image":"","background-repeat":"repeat","background-position":"center center","background-size":"auto","background-attachment":"scroll","background-type":"","background-media":"","overlay-type":"","overlay-color":"","overlay-opacity":"","overlay-gradient":""},"tablet":{"background-color":"","background-image":"","background-repeat":"repeat","background-position":"center center","background-size":"auto","background-attachment":"scroll","background-type":"","background-media":"","overlay-type":"","overlay-color":"","overlay-opacity":"","overlay-gradient":""},"mobile":{"background-color":"","background-image":"","background-repeat":"repeat","background-position":"center center","background-size":"auto","background-attachment":"scroll","background-type":"","background-media":"","overlay-type":"","overlay-color":"","overlay-opacity":"","overlay-gradient":""}},"ast-content-background-meta":{"desktop":{"background-color":"var(--ast-global-color-5)","background-image":"","background-repeat":"repeat","background-position":"center center","background-size":"auto","background-attachment":"scroll","background-type":"","background-media":"","overlay-type":"","overlay-color":"","overlay-opacity":"","overlay-gradient":""},"tablet":{"background-color":"var(--ast-global-color-5)","background-image":"","background-repeat":"repeat","background-position":"center center","background-size":"auto","background-attachment":"scroll","background-type":"","background-media":"","overlay-type":"","overlay-color":"","overlay-opacity":"","overlay-gradient":""},"mobile":{"background-color":"var(--ast-global-color-5)","background-image":"","background-repeat":"repeat","background-position":"center center","background-size":"auto","background-attachment":"scroll","background-type":"","background-media":"","overlay-type":"","overlay-color":"","overlay-opacity":"","overlay-gradient":""}},"footnotes":""},"class_list":["post-10241","page","type-page","status-publish","hentry"],"aioseo_notices":[],"yoast_head":"<!-- This site is optimized with the Yoast SEO plugin v27.4 - https:\/\/yoast.com\/product\/yoast-seo-wordpress\/ -->\n<title>Publication of THS 2023 Abstracts - Ths<\/title>\n<meta name=\"robots\" content=\"index, follow, max-snippet:-1, max-image-preview:large, max-video-preview:-1\" \/>\n<link rel=\"canonical\" href=\"https:\/\/ths.or.tz\/es\/publication-of-ths-2023-abstracts\/\" \/>\n<meta property=\"og:locale\" content=\"es_ES\" \/>\n<meta property=\"og:type\" content=\"article\" \/>\n<meta property=\"og:title\" content=\"Publication of THS 2023 Abstracts - Ths\" \/>\n<meta property=\"og:description\" content=\"Our Stories Abstracts Presented During THS2023 Gain Global Recognition In BMC Proceedings Best Abstract presenters receiving Award during THS2023 PHOTO CREDIT | THS 4th September 2024 | Scientific Communication Over 200 researchers who presented their work at the 10th Tanzania Health Summit (THS) in 2023 have got their abstracts published in the prestigious BMC Proceedings [&hellip;]\" \/>\n<meta property=\"og:url\" content=\"https:\/\/ths.or.tz\/es\/publication-of-ths-2023-abstracts\/\" \/>\n<meta property=\"og:site_name\" content=\"Ths\" \/>\n<meta property=\"article:modified_time\" content=\"2024-09-05T07:17:02+00:00\" \/>\n<meta property=\"og:image\" content=\"https:\/\/ths.or.tz\/wp-content\/uploads\/2024\/09\/AV8D9627-1024x683.jpg\" \/>\n<meta name=\"twitter:card\" content=\"summary_large_image\" \/>\n<meta name=\"twitter:label1\" content=\"Tiempo de lectura\" \/>\n\t<meta name=\"twitter:data1\" content=\"2 minutos\" \/>\n<script type=\"application\/ld+json\" class=\"yoast-schema-graph\">{\"@context\":\"https:\\\/\\\/schema.org\",\"@graph\":[{\"@type\":\"WebPage\",\"@id\":\"https:\\\/\\\/ths.or.tz\\\/publication-of-ths-2023-abstracts\\\/\",\"url\":\"https:\\\/\\\/ths.or.tz\\\/publication-of-ths-2023-abstracts\\\/\",\"name\":\"Publication of THS 2023 Abstracts - Ths\",\"isPartOf\":{\"@id\":\"https:\\\/\\\/ths.or.tz\\\/#website\"},\"primaryImageOfPage\":{\"@id\":\"https:\\\/\\\/ths.or.tz\\\/publication-of-ths-2023-abstracts\\\/#primaryimage\"},\"image\":{\"@id\":\"https:\\\/\\\/ths.or.tz\\\/publication-of-ths-2023-abstracts\\\/#primaryimage\"},\"thumbnailUrl\":\"https:\\\/\\\/ths.or.tz\\\/wp-content\\\/uploads\\\/2024\\\/09\\\/AV8D9627-1024x683.jpg\",\"datePublished\":\"2024-09-05T07:16:43+00:00\",\"dateModified\":\"2024-09-05T07:17:02+00:00\",\"breadcrumb\":{\"@id\":\"https:\\\/\\\/ths.or.tz\\\/publication-of-ths-2023-abstracts\\\/#breadcrumb\"},\"inLanguage\":\"es\",\"potentialAction\":[{\"@type\":\"ReadAction\",\"target\":[\"https:\\\/\\\/ths.or.tz\\\/publication-of-ths-2023-abstracts\\\/\"]}]},{\"@type\":\"ImageObject\",\"inLanguage\":\"es\",\"@id\":\"https:\\\/\\\/ths.or.tz\\\/publication-of-ths-2023-abstracts\\\/#primaryimage\",\"url\":\"https:\\\/\\\/ths.or.tz\\\/wp-content\\\/uploads\\\/2024\\\/09\\\/AV8D9627-1024x683.jpg\",\"contentUrl\":\"https:\\\/\\\/ths.or.tz\\\/wp-content\\\/uploads\\\/2024\\\/09\\\/AV8D9627-1024x683.jpg\"},{\"@type\":\"BreadcrumbList\",\"@id\":\"https:\\\/\\\/ths.or.tz\\\/publication-of-ths-2023-abstracts\\\/#breadcrumb\",\"itemListElement\":[{\"@type\":\"ListItem\",\"position\":1,\"name\":\"Home\",\"item\":\"https:\\\/\\\/ths.or.tz\\\/\"},{\"@type\":\"ListItem\",\"position\":2,\"name\":\"Publication of THS 2023 Abstracts\"}]},{\"@type\":\"WebSite\",\"@id\":\"https:\\\/\\\/ths.or.tz\\\/#website\",\"url\":\"https:\\\/\\\/ths.or.tz\\\/\",\"name\":\"Ths\",\"description\":\"Improve social accountability for better health sector governance\",\"publisher\":{\"@id\":\"https:\\\/\\\/ths.or.tz\\\/#organization\"},\"potentialAction\":[{\"@type\":\"SearchAction\",\"target\":{\"@type\":\"EntryPoint\",\"urlTemplate\":\"https:\\\/\\\/ths.or.tz\\\/?s={search_term_string}\"},\"query-input\":{\"@type\":\"PropertyValueSpecification\",\"valueRequired\":true,\"valueName\":\"search_term_string\"}}],\"inLanguage\":\"es\"},{\"@type\":\"Organization\",\"@id\":\"https:\\\/\\\/ths.or.tz\\\/#organization\",\"name\":\"Ths\",\"url\":\"https:\\\/\\\/ths.or.tz\\\/\",\"logo\":{\"@type\":\"ImageObject\",\"inLanguage\":\"es\",\"@id\":\"https:\\\/\\\/ths.or.tz\\\/#\\\/schema\\\/logo\\\/image\\\/\",\"url\":\"https:\\\/\\\/i0.wp.com\\\/ths.or.tz\\\/wp-content\\\/uploads\\\/2022\\\/02\\\/ths-transparent.png?fit=500%2C500&ssl=1\",\"contentUrl\":\"https:\\\/\\\/i0.wp.com\\\/ths.or.tz\\\/wp-content\\\/uploads\\\/2022\\\/02\\\/ths-transparent.png?fit=500%2C500&ssl=1\",\"width\":500,\"height\":500,\"caption\":\"Ths\"},\"image\":{\"@id\":\"https:\\\/\\\/ths.or.tz\\\/#\\\/schema\\\/logo\\\/image\\\/\"}}]}<\/script>\n<!-- \/ Yoast SEO plugin. -->","yoast_head_json":{"title":"Publication of THS 2023 Abstracts - Ths","robots":{"index":"index","follow":"follow","max-snippet":"max-snippet:-1","max-image-preview":"max-image-preview:large","max-video-preview":"max-video-preview:-1"},"canonical":"https:\/\/ths.or.tz\/es\/publication-of-ths-2023-abstracts\/","og_locale":"es_ES","og_type":"article","og_title":"Publication of THS 2023 Abstracts - Ths","og_description":"Our Stories Abstracts Presented During THS2023 Gain Global Recognition In BMC Proceedings Best Abstract presenters receiving Award during THS2023 PHOTO CREDIT | THS 4th September 2024 | Scientific Communication Over 200 researchers who presented their work at the 10th Tanzania Health Summit (THS) in 2023 have got their abstracts published in the prestigious BMC Proceedings [&hellip;]","og_url":"https:\/\/ths.or.tz\/es\/publication-of-ths-2023-abstracts\/","og_site_name":"Ths","article_modified_time":"2024-09-05T07:17:02+00:00","og_image":[{"url":"https:\/\/ths.or.tz\/wp-content\/uploads\/2024\/09\/AV8D9627-1024x683.jpg","type":"","width":"","height":""}],"twitter_card":"summary_large_image","twitter_misc":{"Tiempo de lectura":"2 minutos"},"schema":{"@context":"https:\/\/schema.org","@graph":[{"@type":"WebPage","@id":"https:\/\/ths.or.tz\/publication-of-ths-2023-abstracts\/","url":"https:\/\/ths.or.tz\/publication-of-ths-2023-abstracts\/","name":"Publication of THS 2023 Abstracts - Ths","isPartOf":{"@id":"https:\/\/ths.or.tz\/#website"},"primaryImageOfPage":{"@id":"https:\/\/ths.or.tz\/publication-of-ths-2023-abstracts\/#primaryimage"},"image":{"@id":"https:\/\/ths.or.tz\/publication-of-ths-2023-abstracts\/#primaryimage"},"thumbnailUrl":"https:\/\/ths.or.tz\/wp-content\/uploads\/2024\/09\/AV8D9627-1024x683.jpg","datePublished":"2024-09-05T07:16:43+00:00","dateModified":"2024-09-05T07:17:02+00:00","breadcrumb":{"@id":"https:\/\/ths.or.tz\/publication-of-ths-2023-abstracts\/#breadcrumb"},"inLanguage":"es","potentialAction":[{"@type":"ReadAction","target":["https:\/\/ths.or.tz\/publication-of-ths-2023-abstracts\/"]}]},{"@type":"ImageObject","inLanguage":"es","@id":"https:\/\/ths.or.tz\/publication-of-ths-2023-abstracts\/#primaryimage","url":"https:\/\/ths.or.tz\/wp-content\/uploads\/2024\/09\/AV8D9627-1024x683.jpg","contentUrl":"https:\/\/ths.or.tz\/wp-content\/uploads\/2024\/09\/AV8D9627-1024x683.jpg"},{"@type":"BreadcrumbList","@id":"https:\/\/ths.or.tz\/publication-of-ths-2023-abstracts\/#breadcrumb","itemListElement":[{"@type":"ListItem","position":1,"name":"Home","item":"https:\/\/ths.or.tz\/"},{"@type":"ListItem","position":2,"name":"Publication of THS 2023 Abstracts"}]},{"@type":"WebSite","@id":"https:\/\/ths.or.tz\/#website","url":"https:\/\/ths.or.tz\/","name":"En","description":"Mejorar la responsabilidad social para una mejor gobernanza del sector sanitario","publisher":{"@id":"https:\/\/ths.or.tz\/#organization"},"potentialAction":[{"@type":"SearchAction","target":{"@type":"EntryPoint","urlTemplate":"https:\/\/ths.or.tz\/?s={search_term_string}"},"query-input":{"@type":"PropertyValueSpecification","valueRequired":true,"valueName":"search_term_string"}}],"inLanguage":"es"},{"@type":"Organization","@id":"https:\/\/ths.or.tz\/#organization","name":"En","url":"https:\/\/ths.or.tz\/","logo":{"@type":"ImageObject","inLanguage":"es","@id":"https:\/\/ths.or.tz\/#\/schema\/logo\/image\/","url":"https:\/\/i0.wp.com\/ths.or.tz\/wp-content\/uploads\/2022\/02\/ths-transparent.png?fit=500%2C500&ssl=1","contentUrl":"https:\/\/i0.wp.com\/ths.or.tz\/wp-content\/uploads\/2022\/02\/ths-transparent.png?fit=500%2C500&ssl=1","width":500,"height":500,"caption":"Ths"},"image":{"@id":"https:\/\/ths.or.tz\/#\/schema\/logo\/image\/"}}]}},"uagb_featured_image_src":{"full":false,"thumbnail":false,"medium":false,"medium_large":false,"large":false,"1536x1536":false,"2048x2048":false,"trp-custom-language-flag":false,"mailpoet_newsletter_max":false,"woocommerce_thumbnail":false,"woocommerce_single":false,"woocommerce_gallery_thumbnail":false},"uagb_author_info":{"display_name":"admin","author_link":"https:\/\/ths.or.tz\/es\/author\/admin\/"},"uagb_comment_info":0,"uagb_excerpt":"Our Stories Abstracts Presented During THS2023 Gain Global Recognition In BMC Proceedings Best Abstract presenters receiving Award during THS2023 PHOTO CREDIT | THS 4th September 2024 | Scientific Communication Over 200 researchers who presented their work at the 10th Tanzania Health Summit (THS) in 2023 have got their abstracts published in the prestigious BMC Proceedings&hellip;","jetpack_sharing_enabled":true,"_links":{"self":[{"href":"https:\/\/ths.or.tz\/es\/wp-json\/wp\/v2\/pages\/10241","targetHints":{"allow":["GET"]}}],"collection":[{"href":"https:\/\/ths.or.tz\/es\/wp-json\/wp\/v2\/pages"}],"about":[{"href":"https:\/\/ths.or.tz\/es\/wp-json\/wp\/v2\/types\/page"}],"author":[{"embeddable":true,"href":"https:\/\/ths.or.tz\/es\/wp-json\/wp\/v2\/users\/1"}],"replies":[{"embeddable":true,"href":"https:\/\/ths.or.tz\/es\/wp-json\/wp\/v2\/comments?post=10241"}],"version-history":[{"count":5,"href":"https:\/\/ths.or.tz\/es\/wp-json\/wp\/v2\/pages\/10241\/revisions"}],"predecessor-version":[{"id":10249,"href":"https:\/\/ths.or.tz\/es\/wp-json\/wp\/v2\/pages\/10241\/revisions\/10249"}],"wp:attachment":[{"href":"https:\/\/ths.or.tz\/es\/wp-json\/wp\/v2\/media?parent=10241"}],"curies":[{"name":"wp","href":"https:\/\/api.w.org\/{rel}","templated":true}]}}