{"id":10241,"date":"2024-09-05T10:16:43","date_gmt":"2024-09-05T07:16:43","guid":{"rendered":"https:\/\/ths.or.tz\/?page_id=10241"},"modified":"2024-09-05T10:17:02","modified_gmt":"2024-09-05T07:17:02","slug":"publication-of-ths-2023-abstracts","status":"publish","type":"page","link":"https:\/\/ths.or.tz\/de\/publication-of-ths-2023-abstracts\/","title":{"rendered":"Publication of THS 2023 Abstracts"},"content":{"rendered":"<div data-elementor-type=\"wp-page\" data-elementor-id=\"10241\" class=\"elementor elementor-10241\" data-elementor-post-type=\"page\">\n\t\t\t\t\t\t<section class=\"elementor-section elementor-top-section elementor-element elementor-element-9ade28b elementor-section-full_width elementor-section-height-min-height elementor-section-items-stretch elementor-section-content-middle elementor-section-height-default\" data-id=\"9ade28b\" data-element_type=\"section\" data-e-type=\"section\" data-settings=\"{&quot;background_background&quot;:&quot;classic&quot;}\">\n\t\t\t\t\t\t\t<div class=\"elementor-background-overlay\"><\/div>\n\t\t\t\t\t\t\t<div class=\"elementor-container elementor-column-gap-no\">\n\t\t\t\t\t<div class=\"elementor-column elementor-col-100 elementor-top-column elementor-element elementor-element-cc979b6\" data-id=\"cc979b6\" data-element_type=\"column\" data-e-type=\"column\">\n\t\t\t<div class=\"elementor-widget-wrap elementor-element-populated\">\n\t\t\t\t\t\t<section class=\"elementor-section elementor-inner-section elementor-element elementor-element-96159fc elementor-section-boxed elementor-section-height-default elementor-section-height-default\" data-id=\"96159fc\" data-element_type=\"section\" data-e-type=\"section\">\n\t\t\t\t\t\t<div class=\"elementor-container elementor-column-gap-no\">\n\t\t\t\t\t<div class=\"elementor-column elementor-col-100 elementor-inner-column elementor-element elementor-element-fdc2b85\" data-id=\"fdc2b85\" data-element_type=\"column\" data-e-type=\"column\">\n\t\t\t<div class=\"elementor-widget-wrap elementor-element-populated\">\n\t\t\t\t\t\t<div class=\"elementor-element elementor-element-81bdf65 elementor-invisible elementor-widget elementor-widget-heading\" data-id=\"81bdf65\" data-element_type=\"widget\" data-e-type=\"widget\" data-settings=\"{&quot;_animation&quot;:&quot;fadeIn&quot;,&quot;_animation_delay&quot;:400}\" data-widget_type=\"heading.default\">\n\t\t\t\t<div class=\"elementor-widget-container\">\n\t\t\t\t\t<h3 class=\"elementor-heading-title elementor-size-default\">Unsere Geschichten<\/h3>\t\t\t\t<\/div>\n\t\t\t\t<\/div>\n\t\t\t\t\t<\/div>\n\t\t<\/div>\n\t\t\t\t\t<\/div>\n\t\t<\/section>\n\t\t\t\t\t<\/div>\n\t\t<\/div>\n\t\t\t\t\t<\/div>\n\t\t<\/section>\n\t\t\t\t<section class=\"elementor-section elementor-top-section elementor-element elementor-element-ad47c8d elementor-section-boxed elementor-section-height-default elementor-section-height-default\" data-id=\"ad47c8d\" data-element_type=\"section\" data-e-type=\"section\">\n\t\t\t\t\t\t<div class=\"elementor-container elementor-column-gap-default\">\n\t\t\t\t\t<div class=\"elementor-column elementor-col-100 elementor-top-column elementor-element elementor-element-1b4cd18\" data-id=\"1b4cd18\" data-element_type=\"column\" data-e-type=\"column\">\n\t\t\t<div class=\"elementor-widget-wrap elementor-element-populated\">\n\t\t\t\t\t\t<div class=\"elementor-element elementor-element-5377538 elementor-widget elementor-widget-heading\" data-id=\"5377538\" data-element_type=\"widget\" data-e-type=\"widget\" data-widget_type=\"heading.default\">\n\t\t\t\t<div class=\"elementor-widget-container\">\n\t\t\t\t\t<h3 class=\"elementor-heading-title elementor-size-default\">Die w\u00e4hrend der THS2023 pr\u00e4sentierten Abstracts finden in den BMC Proceedings weltweite Anerkennung<\/h3>\t\t\t\t<\/div>\n\t\t\t\t<\/div>\n\t\t\t\t<section class=\"elementor-section elementor-inner-section elementor-element elementor-element-1a6671c elementor-section-boxed elementor-section-height-default elementor-section-height-default\" data-id=\"1a6671c\" data-element_type=\"section\" data-e-type=\"section\">\n\t\t\t\t\t\t<div class=\"elementor-container elementor-column-gap-default\">\n\t\t\t\t\t<div class=\"elementor-column elementor-col-33 elementor-inner-column elementor-element elementor-element-f474af6\" data-id=\"f474af6\" data-element_type=\"column\" data-e-type=\"column\">\n\t\t\t<div class=\"elementor-widget-wrap\">\n\t\t\t\t\t\t\t<\/div>\n\t\t<\/div>\n\t\t\t\t<div class=\"elementor-column elementor-col-33 elementor-inner-column elementor-element elementor-element-7eea06b\" data-id=\"7eea06b\" data-element_type=\"column\" data-e-type=\"column\">\n\t\t\t<div class=\"elementor-widget-wrap elementor-element-populated\">\n\t\t\t\t\t\t<div class=\"elementor-element elementor-element-2b0f4713 elementor-widget__width-initial elementor-widget elementor-widget-image\" data-id=\"2b0f4713\" data-element_type=\"widget\" data-e-type=\"widget\" data-widget_type=\"image.default\">\n\t\t\t\t<div class=\"elementor-widget-container\">\n\t\t\t\t\t\t\t\t\t\t\t\t<figure class=\"wp-caption\">\n\t\t\t\t\t\t\t\t\t\t<img fetchpriority=\"high\" decoding=\"async\" width=\"1024\" height=\"683\" src=\"https:\/\/i0.wp.com\/ths.or.tz\/wp-content\/uploads\/2024\/09\/AV8D9627-scaled.jpg?fit=1024%2C683&amp;ssl=1\" class=\"attachment-large size-large wp-image-10242\" alt=\"\" srcset=\"https:\/\/i0.wp.com\/ths.or.tz\/wp-content\/uploads\/2024\/09\/AV8D9627-scaled.jpg?w=2560&amp;ssl=1 2560w, https:\/\/i0.wp.com\/ths.or.tz\/wp-content\/uploads\/2024\/09\/AV8D9627-scaled.jpg?resize=300%2C200&amp;ssl=1 300w, https:\/\/i0.wp.com\/ths.or.tz\/wp-content\/uploads\/2024\/09\/AV8D9627-scaled.jpg?resize=1024%2C683&amp;ssl=1 1024w, https:\/\/i0.wp.com\/ths.or.tz\/wp-content\/uploads\/2024\/09\/AV8D9627-scaled.jpg?resize=768%2C512&amp;ssl=1 768w, https:\/\/i0.wp.com\/ths.or.tz\/wp-content\/uploads\/2024\/09\/AV8D9627-scaled.jpg?resize=1536%2C1024&amp;ssl=1 1536w, https:\/\/i0.wp.com\/ths.or.tz\/wp-content\/uploads\/2024\/09\/AV8D9627-scaled.jpg?w=2400&amp;ssl=1 2400w\" sizes=\"(max-width: 1024px) 100vw, 1024px\" \/>\t\t\t\t\t\t\t\t\t\t\t<figcaption class=\"widget-image-caption wp-caption-text\">Preisverleihung an die besten Vortragenden w\u00e4hrend der THS2023 FOTO CREDIT | THS<\/figcaption>\n\t\t\t\t\t\t\t\t\t\t<\/figure>\n\t\t\t\t\t\t\t\t\t<\/div>\n\t\t\t\t<\/div>\n\t\t\t\t\t<\/div>\n\t\t<\/div>\n\t\t\t\t<div class=\"elementor-column elementor-col-33 elementor-inner-column elementor-element elementor-element-6b5e9e8\" data-id=\"6b5e9e8\" data-element_type=\"column\" data-e-type=\"column\">\n\t\t\t<div class=\"elementor-widget-wrap\">\n\t\t\t\t\t\t\t<\/div>\n\t\t<\/div>\n\t\t\t\t\t<\/div>\n\t\t<\/section>\n\t\t\t\t\t<\/div>\n\t\t<\/div>\n\t\t\t\t\t<\/div>\n\t\t<\/section>\n\t\t\t\t<section class=\"elementor-section elementor-top-section elementor-element elementor-element-58489e28 elementor-section-content-middle elementor-section-boxed elementor-section-height-default elementor-section-height-default\" data-id=\"58489e28\" data-element_type=\"section\" data-e-type=\"section\" data-settings=\"{&quot;background_background&quot;:&quot;classic&quot;}\">\n\t\t\t\t\t\t\t<div class=\"elementor-background-overlay\"><\/div>\n\t\t\t\t\t\t\t<div class=\"elementor-container elementor-column-gap-custom\">\n\t\t\t\t\t<div class=\"elementor-column elementor-col-100 elementor-top-column elementor-element elementor-element-5c978b86\" data-id=\"5c978b86\" data-element_type=\"column\" data-e-type=\"column\">\n\t\t\t<div class=\"elementor-widget-wrap elementor-element-populated\">\n\t\t\t\t\t\t<div class=\"elementor-element elementor-element-dd6ffad elementor-widget elementor-widget-heading\" data-id=\"dd6ffad\" data-element_type=\"widget\" data-e-type=\"widget\" data-widget_type=\"heading.default\">\n\t\t\t\t<div class=\"elementor-widget-container\">\n\t\t\t\t\t<h5 class=\"elementor-heading-title elementor-size-medium\"><span><span style=\"font-family: 'Times New Roman', serif;color: #4d4d4d;background-image: initial;background-position: initial;background-size: initial;background-repeat: initial;background-attachment: initial\">4<sup>th<\/sup> September 2024<\/span><\/span><span><span style=\"font-family: 'Times New Roman', serif;color: #4d4d4d;background-image: initial;background-position: initial;background-size: initial;background-repeat: initial;background-attachment: initial\"> | <\/span><\/span><span><span style=\"font-family: 'Times New Roman', serif;color: #0070c0;background-image: initial;background-position: initial;background-size: initial;background-repeat: initial;background-attachment: initial\">Wissenschaftliche Kommunikation<\/span><\/span><\/h5>\t\t\t\t<\/div>\n\t\t\t\t<\/div>\n\t\t\t\t<div class=\"elementor-element elementor-element-b2930b8 elementor-widget elementor-widget-text-editor\" data-id=\"b2930b8\" data-element_type=\"widget\" data-e-type=\"widget\" data-widget_type=\"text-editor.default\">\n\t\t\t\t<div class=\"elementor-widget-container\">\n\t\t\t\t\t\t\t\t\t<p>\u00dcber 200 Forscher, die ihre Arbeiten auf dem 10. Tanzania Health Summit (THS) 2023 vorstellten, haben ihre Abstracts in der renommierten Zeitschrift <a href=\"https:\/\/www.springermedizin.de\/abstracts-of-the-10th-tanzania-health-summit\/27639316\"><em>BMC Proceedings<\/em><\/a> und damit einen wichtigen Meilenstein in ihrem Verbreitungsprozess erreicht.<\/p><p>Die Ver\u00f6ffentlichung von Abstracts in einer wissenschaftlichen Zeitschrift ist ein entscheidender Schritt bei der Verbreitung von Forschungsergebnissen und der Schaffung von Glaubw\u00fcrdigkeit innerhalb der akademischen Gemeinschaft durch glaubw\u00fcrdige Gipfeltreffen wie dem THS, sagte Dr. Omary Chillo, Pr\u00e4sident des Tanzania Health Summit.<\/p><p>Bei der Pr\u00e4sentation einer Zusammenfassung w\u00e4hrend des kommenden Gipfels sagt er: \"Es bedeutet, die Wissenschaft auf eine globale Ebene zu bringen\".<\/p><p>Dr. Chillo, der auch Dozent f\u00fcr Physiologie an der Muhimbili University of Health and Allied Sciences (MUHAS) ist, betonte die Bedeutung dieser Initiative.<\/p><p>\"Die Ver\u00f6ffentlichung eines Abstracts in einer renommierten Zeitschrift wie BMC Proceedings best\u00e4tigt die wissenschaftliche Bedeutung der vorgestellten Arbeit und ebnet den Weg f\u00fcr eine weitere Verbreitung\", sagte er.<\/p><p>THIS unterst\u00fctzt die Ver\u00f6ffentlichung von Abstracts in BMC Proceedings, um Forschern eine Plattform zu bieten, auf der sie ihre Arbeit pr\u00e4sentieren und ihre Sichtbarkeit erh\u00f6hen k\u00f6nnen. Indem sie ihre ver\u00f6ffentlichten Abstracts in zuk\u00fcnftigen Forschungsvorhaben zitieren, k\u00f6nnen Forscher ihre akademischen Referenzen st\u00e4rken und zur Weiterentwicklung ihres Fachgebiets beitragen.<\/p><p>Die Abstracts wurden am 1. September 2024 in BMC Proceedings, einer Zeitschrift von Springer Nature, ver\u00f6ffentlicht. Dies bietet den Autoren die M\u00f6glichkeit, mit Forschungsgemeinschaften auf der ganzen Welt in Kontakt zu treten und ihre Zusammenarbeit m\u00f6glicherweise auszuweiten.<\/p><p>W\u00e4hrend sich die THS auf ihre 11. Ausgabe vorbereitet, \u00e4u\u00dferte sich Dr. Chillo optimistisch \u00fcber den weiteren Erfolg der Initiative. \"Wir haben bereits \u00fcber 200 Abstracts f\u00fcr den diesj\u00e4hrigen Gipfel in Sansibar erhalten und erwarten noch mehr bahnbrechende Forschung\", sagte er.<\/p><p>Neben der Ver\u00f6ffentlichung ihrer Kurzfassungen haben die Forscher die M\u00f6glichkeit, einen vollst\u00e4ndigen Artikel zu verfassen und ihn bei einer Zeitschrift ihrer Wahl einzureichen, wo ihre Arbeit einer strengen Pr\u00fcfung unterzogen werden kann.<\/p>\t\t\t\t\t\t\t\t<\/div>\n\t\t\t\t<\/div>\n\t\t\t\t\t<\/div>\n\t\t<\/div>\n\t\t\t\t\t<\/div>\n\t\t<\/section>\n\t\t\t\t<\/div>","protected":false},"excerpt":{"rendered":"<p>Our Stories Abstracts Presented During THS2023 Gain Global Recognition In BMC Proceedings Best Abstract presenters receiving Award during THS2023 PHOTO CREDIT | THS 4th September 2024 | Scientific Communication Over 200 researchers who presented their work at the 10th Tanzania Health Summit (THS) in 2023 have got their abstracts published in the prestigious BMC Proceedings [&hellip;]<\/p>\n","protected":false},"author":1,"featured_media":0,"parent":0,"menu_order":0,"comment_status":"closed","ping_status":"closed","template":"","meta":{"nf_dc_page":"","om_disable_all_campaigns":false,"_uag_custom_page_level_css":"","_monsterinsights_skip_tracking":false,"_monsterinsights_sitenote_active":false,"_monsterinsights_sitenote_note":"","_monsterinsights_sitenote_category":0,"_uf_show_specific_survey":0,"_uf_disable_surveys":false,"site-sidebar-layout":"no-sidebar","site-content-layout":"page-builder","ast-site-content-layout":"full-width-container","site-content-style":"unboxed","site-sidebar-style":"unboxed","ast-global-header-display":"","ast-banner-title-visibility":"","ast-main-header-display":"","ast-hfb-above-header-display":"","ast-hfb-below-header-display":"","ast-hfb-mobile-header-display":"","site-post-title":"disabled","ast-breadcrumbs-content":"","ast-featured-img":"disabled","footer-sml-layout":"","ast-disable-related-posts":"","theme-transparent-header-meta":"enabled","adv-header-id-meta":"","stick-header-meta":"","header-above-stick-meta":"","header-main-stick-meta":"","header-below-stick-meta":"","astra-migrate-meta-layouts":"set","ast-page-background-enabled":"default","ast-page-background-meta":{"desktop":{"background-color":"","background-image":"","background-repeat":"repeat","background-position":"center center","background-size":"auto","background-attachment":"scroll","background-type":"","background-media":"","overlay-type":"","overlay-color":"","overlay-opacity":"","overlay-gradient":""},"tablet":{"background-color":"","background-image":"","background-repeat":"repeat","background-position":"center center","background-size":"auto","background-attachment":"scroll","background-type":"","background-media":"","overlay-type":"","overlay-color":"","overlay-opacity":"","overlay-gradient":""},"mobile":{"background-color":"","background-image":"","background-repeat":"repeat","background-position":"center center","background-size":"auto","background-attachment":"scroll","background-type":"","background-media":"","overlay-type":"","overlay-color":"","overlay-opacity":"","overlay-gradient":""}},"ast-content-background-meta":{"desktop":{"background-color":"var(--ast-global-color-5)","background-image":"","background-repeat":"repeat","background-position":"center center","background-size":"auto","background-attachment":"scroll","background-type":"","background-media":"","overlay-type":"","overlay-color":"","overlay-opacity":"","overlay-gradient":""},"tablet":{"background-color":"var(--ast-global-color-5)","background-image":"","background-repeat":"repeat","background-position":"center center","background-size":"auto","background-attachment":"scroll","background-type":"","background-media":"","overlay-type":"","overlay-color":"","overlay-opacity":"","overlay-gradient":""},"mobile":{"background-color":"var(--ast-global-color-5)","background-image":"","background-repeat":"repeat","background-position":"center center","background-size":"auto","background-attachment":"scroll","background-type":"","background-media":"","overlay-type":"","overlay-color":"","overlay-opacity":"","overlay-gradient":""}},"footnotes":""},"class_list":["post-10241","page","type-page","status-publish","hentry"],"aioseo_notices":[],"yoast_head":"<!-- This site is optimized with the Yoast SEO plugin v27.4 - https:\/\/yoast.com\/product\/yoast-seo-wordpress\/ -->\n<title>Publication of THS 2023 Abstracts - Ths<\/title>\n<meta name=\"robots\" content=\"index, follow, max-snippet:-1, max-image-preview:large, max-video-preview:-1\" \/>\n<link rel=\"canonical\" href=\"https:\/\/ths.or.tz\/de\/publication-of-ths-2023-abstracts\/\" \/>\n<meta property=\"og:locale\" content=\"de_DE\" \/>\n<meta property=\"og:type\" content=\"article\" \/>\n<meta property=\"og:title\" content=\"Publication of THS 2023 Abstracts - Ths\" \/>\n<meta property=\"og:description\" content=\"Our Stories Abstracts Presented During THS2023 Gain Global Recognition In BMC Proceedings Best Abstract presenters receiving Award during THS2023 PHOTO CREDIT | THS 4th September 2024 | Scientific Communication Over 200 researchers who presented their work at the 10th Tanzania Health Summit (THS) in 2023 have got their abstracts published in the prestigious BMC Proceedings [&hellip;]\" \/>\n<meta property=\"og:url\" content=\"https:\/\/ths.or.tz\/de\/publication-of-ths-2023-abstracts\/\" \/>\n<meta property=\"og:site_name\" content=\"Ths\" \/>\n<meta property=\"article:modified_time\" content=\"2024-09-05T07:17:02+00:00\" \/>\n<meta property=\"og:image\" content=\"https:\/\/ths.or.tz\/wp-content\/uploads\/2024\/09\/AV8D9627-1024x683.jpg\" \/>\n<meta name=\"twitter:card\" content=\"summary_large_image\" \/>\n<meta name=\"twitter:label1\" content=\"Gesch\u00e4tzte Lesezeit\" \/>\n\t<meta name=\"twitter:data1\" content=\"2\u00a0Minuten\" \/>\n<script type=\"application\/ld+json\" class=\"yoast-schema-graph\">{\"@context\":\"https:\\\/\\\/schema.org\",\"@graph\":[{\"@type\":\"WebPage\",\"@id\":\"https:\\\/\\\/ths.or.tz\\\/publication-of-ths-2023-abstracts\\\/\",\"url\":\"https:\\\/\\\/ths.or.tz\\\/publication-of-ths-2023-abstracts\\\/\",\"name\":\"Publication of THS 2023 Abstracts - Ths\",\"isPartOf\":{\"@id\":\"https:\\\/\\\/ths.or.tz\\\/#website\"},\"primaryImageOfPage\":{\"@id\":\"https:\\\/\\\/ths.or.tz\\\/publication-of-ths-2023-abstracts\\\/#primaryimage\"},\"image\":{\"@id\":\"https:\\\/\\\/ths.or.tz\\\/publication-of-ths-2023-abstracts\\\/#primaryimage\"},\"thumbnailUrl\":\"https:\\\/\\\/ths.or.tz\\\/wp-content\\\/uploads\\\/2024\\\/09\\\/AV8D9627-1024x683.jpg\",\"datePublished\":\"2024-09-05T07:16:43+00:00\",\"dateModified\":\"2024-09-05T07:17:02+00:00\",\"breadcrumb\":{\"@id\":\"https:\\\/\\\/ths.or.tz\\\/publication-of-ths-2023-abstracts\\\/#breadcrumb\"},\"inLanguage\":\"de\",\"potentialAction\":[{\"@type\":\"ReadAction\",\"target\":[\"https:\\\/\\\/ths.or.tz\\\/publication-of-ths-2023-abstracts\\\/\"]}]},{\"@type\":\"ImageObject\",\"inLanguage\":\"de\",\"@id\":\"https:\\\/\\\/ths.or.tz\\\/publication-of-ths-2023-abstracts\\\/#primaryimage\",\"url\":\"https:\\\/\\\/ths.or.tz\\\/wp-content\\\/uploads\\\/2024\\\/09\\\/AV8D9627-1024x683.jpg\",\"contentUrl\":\"https:\\\/\\\/ths.or.tz\\\/wp-content\\\/uploads\\\/2024\\\/09\\\/AV8D9627-1024x683.jpg\"},{\"@type\":\"BreadcrumbList\",\"@id\":\"https:\\\/\\\/ths.or.tz\\\/publication-of-ths-2023-abstracts\\\/#breadcrumb\",\"itemListElement\":[{\"@type\":\"ListItem\",\"position\":1,\"name\":\"Home\",\"item\":\"https:\\\/\\\/ths.or.tz\\\/\"},{\"@type\":\"ListItem\",\"position\":2,\"name\":\"Publication of THS 2023 Abstracts\"}]},{\"@type\":\"WebSite\",\"@id\":\"https:\\\/\\\/ths.or.tz\\\/#website\",\"url\":\"https:\\\/\\\/ths.or.tz\\\/\",\"name\":\"Ths\",\"description\":\"Improve social accountability for better health sector governance\",\"publisher\":{\"@id\":\"https:\\\/\\\/ths.or.tz\\\/#organization\"},\"potentialAction\":[{\"@type\":\"SearchAction\",\"target\":{\"@type\":\"EntryPoint\",\"urlTemplate\":\"https:\\\/\\\/ths.or.tz\\\/?s={search_term_string}\"},\"query-input\":{\"@type\":\"PropertyValueSpecification\",\"valueRequired\":true,\"valueName\":\"search_term_string\"}}],\"inLanguage\":\"de\"},{\"@type\":\"Organization\",\"@id\":\"https:\\\/\\\/ths.or.tz\\\/#organization\",\"name\":\"Ths\",\"url\":\"https:\\\/\\\/ths.or.tz\\\/\",\"logo\":{\"@type\":\"ImageObject\",\"inLanguage\":\"de\",\"@id\":\"https:\\\/\\\/ths.or.tz\\\/#\\\/schema\\\/logo\\\/image\\\/\",\"url\":\"https:\\\/\\\/i0.wp.com\\\/ths.or.tz\\\/wp-content\\\/uploads\\\/2022\\\/02\\\/ths-transparent.png?fit=500%2C500&ssl=1\",\"contentUrl\":\"https:\\\/\\\/i0.wp.com\\\/ths.or.tz\\\/wp-content\\\/uploads\\\/2022\\\/02\\\/ths-transparent.png?fit=500%2C500&ssl=1\",\"width\":500,\"height\":500,\"caption\":\"Ths\"},\"image\":{\"@id\":\"https:\\\/\\\/ths.or.tz\\\/#\\\/schema\\\/logo\\\/image\\\/\"}}]}<\/script>\n<!-- \/ Yoast SEO plugin. -->","yoast_head_json":{"title":"Publication of THS 2023 Abstracts - Ths","robots":{"index":"index","follow":"follow","max-snippet":"max-snippet:-1","max-image-preview":"max-image-preview:large","max-video-preview":"max-video-preview:-1"},"canonical":"https:\/\/ths.or.tz\/de\/publication-of-ths-2023-abstracts\/","og_locale":"de_DE","og_type":"article","og_title":"Publication of THS 2023 Abstracts - Ths","og_description":"Our Stories Abstracts Presented During THS2023 Gain Global Recognition In BMC Proceedings Best Abstract presenters receiving Award during THS2023 PHOTO CREDIT | THS 4th September 2024 | Scientific Communication Over 200 researchers who presented their work at the 10th Tanzania Health Summit (THS) in 2023 have got their abstracts published in the prestigious BMC Proceedings [&hellip;]","og_url":"https:\/\/ths.or.tz\/de\/publication-of-ths-2023-abstracts\/","og_site_name":"Ths","article_modified_time":"2024-09-05T07:17:02+00:00","og_image":[{"url":"https:\/\/ths.or.tz\/wp-content\/uploads\/2024\/09\/AV8D9627-1024x683.jpg","type":"","width":"","height":""}],"twitter_card":"summary_large_image","twitter_misc":{"Gesch\u00e4tzte Lesezeit":"2\u00a0Minuten"},"schema":{"@context":"https:\/\/schema.org","@graph":[{"@type":"WebPage","@id":"https:\/\/ths.or.tz\/publication-of-ths-2023-abstracts\/","url":"https:\/\/ths.or.tz\/publication-of-ths-2023-abstracts\/","name":"Publication of THS 2023 Abstracts - Ths","isPartOf":{"@id":"https:\/\/ths.or.tz\/#website"},"primaryImageOfPage":{"@id":"https:\/\/ths.or.tz\/publication-of-ths-2023-abstracts\/#primaryimage"},"image":{"@id":"https:\/\/ths.or.tz\/publication-of-ths-2023-abstracts\/#primaryimage"},"thumbnailUrl":"https:\/\/ths.or.tz\/wp-content\/uploads\/2024\/09\/AV8D9627-1024x683.jpg","datePublished":"2024-09-05T07:16:43+00:00","dateModified":"2024-09-05T07:17:02+00:00","breadcrumb":{"@id":"https:\/\/ths.or.tz\/publication-of-ths-2023-abstracts\/#breadcrumb"},"inLanguage":"de","potentialAction":[{"@type":"ReadAction","target":["https:\/\/ths.or.tz\/publication-of-ths-2023-abstracts\/"]}]},{"@type":"ImageObject","inLanguage":"de","@id":"https:\/\/ths.or.tz\/publication-of-ths-2023-abstracts\/#primaryimage","url":"https:\/\/ths.or.tz\/wp-content\/uploads\/2024\/09\/AV8D9627-1024x683.jpg","contentUrl":"https:\/\/ths.or.tz\/wp-content\/uploads\/2024\/09\/AV8D9627-1024x683.jpg"},{"@type":"BreadcrumbList","@id":"https:\/\/ths.or.tz\/publication-of-ths-2023-abstracts\/#breadcrumb","itemListElement":[{"@type":"ListItem","position":1,"name":"Home","item":"https:\/\/ths.or.tz\/"},{"@type":"ListItem","position":2,"name":"Publication of THS 2023 Abstracts"}]},{"@type":"WebSite","@id":"https:\/\/ths.or.tz\/#website","url":"https:\/\/ths.or.tz\/","name":"Diese","description":"Verbesserung der sozialen Rechenschaftspflicht f\u00fcr eine bessere Steuerung des Gesundheitssektors","publisher":{"@id":"https:\/\/ths.or.tz\/#organization"},"potentialAction":[{"@type":"SearchAction","target":{"@type":"EntryPoint","urlTemplate":"https:\/\/ths.or.tz\/?s={search_term_string}"},"query-input":{"@type":"PropertyValueSpecification","valueRequired":true,"valueName":"search_term_string"}}],"inLanguage":"de"},{"@type":"Organization","@id":"https:\/\/ths.or.tz\/#organization","name":"Diese","url":"https:\/\/ths.or.tz\/","logo":{"@type":"ImageObject","inLanguage":"de","@id":"https:\/\/ths.or.tz\/#\/schema\/logo\/image\/","url":"https:\/\/i0.wp.com\/ths.or.tz\/wp-content\/uploads\/2022\/02\/ths-transparent.png?fit=500%2C500&ssl=1","contentUrl":"https:\/\/i0.wp.com\/ths.or.tz\/wp-content\/uploads\/2022\/02\/ths-transparent.png?fit=500%2C500&ssl=1","width":500,"height":500,"caption":"Ths"},"image":{"@id":"https:\/\/ths.or.tz\/#\/schema\/logo\/image\/"}}]}},"uagb_featured_image_src":{"full":false,"thumbnail":false,"medium":false,"medium_large":false,"large":false,"1536x1536":false,"2048x2048":false,"trp-custom-language-flag":false,"mailpoet_newsletter_max":false,"woocommerce_thumbnail":false,"woocommerce_single":false,"woocommerce_gallery_thumbnail":false},"uagb_author_info":{"display_name":"admin","author_link":"https:\/\/ths.or.tz\/de\/author\/admin\/"},"uagb_comment_info":0,"uagb_excerpt":"Our Stories Abstracts Presented During THS2023 Gain Global Recognition In BMC Proceedings Best Abstract presenters receiving Award during THS2023 PHOTO CREDIT | THS 4th September 2024 | Scientific Communication Over 200 researchers who presented their work at the 10th Tanzania Health Summit (THS) in 2023 have got their abstracts published in the prestigious BMC Proceedings&hellip;","jetpack_sharing_enabled":true,"_links":{"self":[{"href":"https:\/\/ths.or.tz\/de\/wp-json\/wp\/v2\/pages\/10241","targetHints":{"allow":["GET"]}}],"collection":[{"href":"https:\/\/ths.or.tz\/de\/wp-json\/wp\/v2\/pages"}],"about":[{"href":"https:\/\/ths.or.tz\/de\/wp-json\/wp\/v2\/types\/page"}],"author":[{"embeddable":true,"href":"https:\/\/ths.or.tz\/de\/wp-json\/wp\/v2\/users\/1"}],"replies":[{"embeddable":true,"href":"https:\/\/ths.or.tz\/de\/wp-json\/wp\/v2\/comments?post=10241"}],"version-history":[{"count":5,"href":"https:\/\/ths.or.tz\/de\/wp-json\/wp\/v2\/pages\/10241\/revisions"}],"predecessor-version":[{"id":10249,"href":"https:\/\/ths.or.tz\/de\/wp-json\/wp\/v2\/pages\/10241\/revisions\/10249"}],"wp:attachment":[{"href":"https:\/\/ths.or.tz\/de\/wp-json\/wp\/v2\/media?parent=10241"}],"curies":[{"name":"wp","href":"https:\/\/api.w.org\/{rel}","templated":true}]}}